{"id":1316,"date":"2013-02-25T22:43:58","date_gmt":"2013-02-25T22:43:58","guid":{"rendered":"https:\/\/www.sertoxmur.com\/?page_id=1316"},"modified":"2020-07-12T14:44:08","modified_gmt":"2020-07-12T14:44:08","slug":"venenos","status":"publish","type":"page","link":"https:\/\/www.sertoxmur.com\/?page_id=1316","title":{"rendered":"Toxicolog\u00eda Veterinaria y Venenos"},"content":{"rendered":"<p>&#8211; <a href=\"https:\/\/digitum.um.es\/digitum\/bitstream\/10201\/94761\/1\/Garci%cc%81a-Ferna%cc%81ndez%20et%20al%202020%20-%20Sentencias%20Venenos%20Medio%20Natural.pdf\">Do court sentences reflect the reality of wildlife poisoning in the natural environment? The Spanish case.<\/a> 2020. SETAC Europe 30th Annual Meeting, SciCon, Dublin. Autores: <em>A.J. Garc\u00eda-Fern\u00e1ndez, I. Navas, J. Simal, P. Mar\u00eda-Mojica, P. Jim\u00e9nez<\/em>. <a href=\"http:\/\/hdl.handle.net\/10201\/94761\">http:\/\/hdl.handle.net\/10201\/94761<\/a><\/p>\n<p>&#8211;\u00a0<a href=\"https:\/\/digitum.um.es\/digitum\/bitstream\/10201\/94762\/1\/Simal%20et%20al%202017%20Sentencias%20Veneno%20Espan%cc%83a.pdf\">Estudio de las sentencias judiciales falladas en Espa\u00f1a sobre el uso del veneno en el medio natural (1994-2015).<\/a> 2017. XXII Congreso Espa\u00f1ol y VI Iberoamericano de Toxicolog\u00eda (AETOX), Valencia. Autores: <em>Jorge Simal, Pedro Mar\u00eda-Mojica, Isabel Navas, Emma Mart\u00ednez-L\u00f3pez y Antonio J. Garc\u00eda Fern\u00e1ndez. <a href=\"http:\/\/hdl.handle.net\/10201\/94762\">http:\/\/hdl.handle.net\/10201\/94762<\/a><\/em><\/p>\n<p>&#8211;\u00a0<a href=\"https:\/\/www.sertoxmur.com\/wp-content\/uploads\/2012\/03\/guia-muestras1.pdf\">Gu\u00eda de toma de muestras de animales intoxicados y productos sospechosos<\/a>. 2005\u00a0Edita: STVF-UM. Autor:\u00a0<em>Antonio J. Garc\u00eda Fern\u00e1ndez<\/em><\/p>\n<p style=\"text-align: justify;\">&#8211;\u00a0<a href=\"https:\/\/www.sertoxmur.com\/wp-content\/uploads\/2012\/03\/URG_diag_trto1.pdf\" target=\"_blank\" rel=\"noopener noreferrer\">Manual de urgencias en intoxicaciones agudas en animales de compa\u00f1\u00eda<\/a>. 2005. Edita: STVF-UM. Autor:\u00a0<em>Antonio J. Garc\u00eda Fern\u00e1ndez<\/em><\/p>\n<p style=\"text-align: justify;\">&#8211;\u00a0<a href=\"https:\/\/www.sertoxmur.com\/wp-content\/uploads\/2012\/03\/Informe_Sustancias_Veneno1.pdf\" target=\"_blank\" rel=\"noopener noreferrer\">Sustancias que provocan el envenenamiento de la fauna silvestre. Estudio T\u00e9cnico<\/a>. 2013. Edita: Proyecto VENENO. Autor:\u00a0<em>David de la Bodega<\/em>\u00a0(SEO\/Birdlife).<\/p>\n<p style=\"text-align: justify;\">&#8211;\u00a0<a href=\"https:\/\/www.sertoxmur.com\/wp-content\/uploads\/2012\/03\/REVTOX_Monografico-Veter-2012.pdf\" target=\"_blank\" rel=\"noopener noreferrer\">Monogr\u00e1fico de Toxicolog\u00eda Veterinaria<\/a>. Coordinador:\u00a0<em>Antonio J. Garc\u00eda-Fern\u00e1ndez.<\/em>\u00a0Revista de Toxicolog\u00eda 29(1), 2012.<\/p>\n<p style=\"text-align: justify;\">&#8211;\u00a0<a href=\"http:\/\/ojs.easyapps.es\/index.php\/revtoxicol\/article\/view\/123\/104\" target=\"_blank\" rel=\"noopener noreferrer\">La pol\u00edtica europea en relaci\u00f3n a los compuestos t\u00f3xicos\u00a0y venenos que afectan a la fauna silvestre y dom\u00e9stica<\/a>.\u00a0<em>Jos\u00e9 V. Tarazona<\/em>. Revista de Toxicolog\u00eda 2006.<\/p>\n<p style=\"text-align: justify;\">&#8211;\u00a0<a href=\"http:\/\/ojs.easyapps.es\/index.php\/revtoxicol\/article\/view\/126\/107\" target=\"_blank\" rel=\"noopener noreferrer\">Aspectos cl\u00ednicos y forenses del envenenamiento de\u00a0aves silvestres: diferencias entre aldicarb y estricnina<\/a>.\u00a0<em>Antonio J. Garc\u00eda-Fern\u00e1ndez<\/em>\u00a0et al. Revista de Toxicolog\u00eda, 2006.<\/p>\n<p style=\"text-align: justify;\">&#8211;\u00a0<a href=\"http:\/\/www.venenono.org\/wp-content\/uploads\/2011\/12\/Guia_Toxicologia.pdf\" target=\"_blank\" rel=\"noopener noreferrer\">Gu\u00eda t\u00e9cnica de actuaci\u00f3n en casos de envenenamiento de los centros de recuperaci\u00f3n y los laboratorios toxicol\u00f3gicos<\/a>. Edita: Proyecto VENENO. Autores:\u00a0<em>Rafael Mateo, Antonio J. Garc\u00eda-Fern\u00e1ndez, Francisco Soler y otros<\/em>. 2011<\/p>\n<p style=\"text-align: justify;\">&#8211;\u00a0<a href=\"http:\/\/www.ncbi.nlm.nih.gov\/pubmed\/17570525\" target=\"_blank\" rel=\"noopener noreferrer\">Relationship of the toxicity\u00a0of pesticide formulations and their commercial restrictions\u00a0with the frequency\u00a0of animal poisonings<\/a>.\u00a0<em>M\u00f3nica Mart\u00ednez-Haro, Rafael Mateo, Raimon Guitart, Francisco Soler, Marcos P\u00e9rez, Pedro Mar\u00eda-Mojica, Antonio J. Garc\u00eda-Fern\u00e1ndez.<\/em>\u00a0Ecotoxicology and Environmental Safety 69 396\u2013402.\u00a02008.\u00a0Pedir a ajgf@um.es<\/p>\n<p style=\"text-align: justify;\">&#8211;\u00a0<a href=\"http:\/\/rev.aetox.es\/wp\/wp-content\/uploads\/hemeroteca\/vol23-1\/revtox.23.1.2006.pdf\" target=\"_blank\" rel=\"noopener noreferrer\">Jornada t\u00e9cnica de intoxicaciones y envenenamientos en fauna silvestre y dom\u00e9stica<\/a>. Murcia 3-4 de febrero de 2005. Organiza AETOX y Toxicolog\u00eda de la UMU. Coordinador:\u00a0<em>Antonio J. Garc\u00eda-Fern\u00e1ndez.\u00a0<\/em>Revista de Toxicologia (2006) 23(1): 25-93<\/p>\n<p>D\u00edptico Jornadas<\/p>\n<p style=\"text-align: justify;\">&#8211; <a href=\"https:\/\/www.sertoxmur.com\/wp-content\/uploads\/2013\/02\/Manual_veterinario_espanol.pdf\" target=\"_blank\" rel=\"noopener noreferrer\">Manual operativo para la gesti\u00f3n veterinaria de casos de presunto envenenamiento de animales salvajes y dom\u00e9sticos<\/a>. Proyecto LIFE Naturaleza ANTIDOTO. 2012.<\/p>\n<p style=\"text-align: justify;\">&#8211; <a href=\"https:\/\/www.sertoxmur.com\/wp-content\/uploads\/2013\/02\/uso-ilegal-cebos-envenenados-libro.pdf\" target=\"_blank\" rel=\"noopener noreferrer\">Uso ilegal de cebos envenenados: An\u00e1lisis t\u00e9cnico-jur\u00eddico<\/a>. Consejer\u00eda de Medio Ambiente de Andaluc\u00eda. 2010.<\/p>\n","protected":false},"excerpt":{"rendered":"<p>&#8211; Do court sentences reflect the reality of wildlife poisoning in the natural environment? The Spanish case. 2020. SETAC Europe<\/p>\n","protected":false},"author":1,"featured_media":0,"parent":224,"menu_order":1,"comment_status":"closed","ping_status":"closed","template":"","meta":{"colormag_page_container_layout":"default_layout","colormag_page_sidebar_layout":"default_layout","footnotes":""},"class_list":["post-1316","page","type-page","status-publish","hentry"],"_links":{"self":[{"href":"https:\/\/www.sertoxmur.com\/index.php?rest_route=\/wp\/v2\/pages\/1316","targetHints":{"allow":["GET"]}}],"collection":[{"href":"https:\/\/www.sertoxmur.com\/index.php?rest_route=\/wp\/v2\/pages"}],"about":[{"href":"https:\/\/www.sertoxmur.com\/index.php?rest_route=\/wp\/v2\/types\/page"}],"author":[{"embeddable":true,"href":"https:\/\/www.sertoxmur.com\/index.php?rest_route=\/wp\/v2\/users\/1"}],"replies":[{"embeddable":true,"href":"https:\/\/www.sertoxmur.com\/index.php?rest_route=%2Fwp%2Fv2%2Fcomments&post=1316"}],"version-history":[{"count":0,"href":"https:\/\/www.sertoxmur.com\/index.php?rest_route=\/wp\/v2\/pages\/1316\/revisions"}],"up":[{"embeddable":true,"href":"https:\/\/www.sertoxmur.com\/index.php?rest_route=\/wp\/v2\/pages\/224"}],"wp:attachment":[{"href":"https:\/\/www.sertoxmur.com\/index.php?rest_route=%2Fwp%2Fv2%2Fmedia&parent=1316"}],"curies":[{"name":"wp","href":"https:\/\/api.w.org\/{rel}","templated":true}]}}