{"id":197,"date":"2012-03-06T17:00:47","date_gmt":"2012-03-06T17:00:47","guid":{"rendered":"https:\/\/www.sertoxmur.com\/?page_id=197"},"modified":"2020-11-25T00:19:12","modified_gmt":"2020-11-25T00:19:12","slug":"determinaciones-analiticas","status":"publish","type":"page","link":"https:\/\/www.sertoxmur.com\/?page_id=197","title":{"rendered":"Determinaciones anal\u00edticas"},"content":{"rendered":"<ul>\n<li>Sistem\u00e1tica de screening de sustancias t\u00f3xicas en muestras biol\u00f3gicas.<\/li>\n<li>Determinaci\u00f3n de estricnina en muestras biol\u00f3gicas y cebos.<\/li>\n<li>Determinaci\u00f3n de metaldeh\u00eddo en contenido g\u00e1strico, v\u00f3mito y cebos.<\/li>\n<li>Determinaci\u00f3n de rodenticidas anticoagulantes en muestras biol\u00f3gicas y cebos.<\/li>\n<li>Determinaci\u00f3n de plaguicidas\u00a0organofosforados en muestras biol\u00f3gicas y cebos.<\/li>\n<li>Determinaci\u00f3n de plaguicidas\u00a0organoclorados en muestras biol\u00f3gicas y cebos<\/li>\n<li>Determinaci\u00f3n de plaguicidas carbamatos en muestras biol\u00f3gicas y cebos.<\/li>\n<li>Determinaci\u00f3n de plaguicidas neonicotinoides en muestras biol\u00f3gicas.<\/li>\n<li>Determinaci\u00f3n de plaguicidas piretroides en muestras biol\u00f3gicas.<\/li>\n<li><span style=\"color: #444444;\">Determinaci\u00f3n de mercurio en muestras biol\u00f3gicas, agua y alimentos.<\/span><\/li>\n<li><span style=\"color: #444444;\">Determinaci\u00f3n de plomo en muestras biol\u00f3gicas, agua y alimentos.<\/span><\/li>\n<li><span style=\"color: #444444;\">Determinaci\u00f3n de cadmio en muestras biol\u00f3gicas, agua y alimentos.<\/span><\/li>\n<li><span style=\"color: #444444;\">Determinaci\u00f3n de cobre en muestras biol\u00f3gicas, agua y alimentos.<\/span><\/li>\n<li><span style=\"color: #444444;\">Determinaci\u00f3n de zinc en muestras biol\u00f3gicas, agua y alimentos.<\/span><\/li>\n<li>Determinaci\u00f3n de otros minerales en muestras biol\u00f3gicas, agua y alimentos.<\/li>\n<li>Determinaci\u00f3n de micotoxinas en piensos y alimentos.<\/li>\n<li>Determinaci\u00f3n de anabolizantes en muestras biol\u00f3gicas y piensos.<\/li>\n<li>Determinaci\u00f3n de biomarcadores de exposici\u00f3n a sustancias t\u00f3xicas diversas.<\/li>\n<li>Determinaci\u00f3n de antibi\u00f3ticos en muestras biol\u00f3gicas.<\/li>\n<li>Determinaci\u00f3n de antiinflamatorios no esteroideos en muestras biol\u00f3gicas.<\/li>\n<li>Determinaci\u00f3n de antiparasitarios en muestras biol\u00f3gicas.<\/li>\n<li>Determinaci\u00f3n de barbit\u00faricos en muestras biol\u00f3gicas.<\/li>\n<li>Determinaciones de otros f\u00e1rmacos en muestras biol\u00f3gicas.<\/li>\n<li>Etc<\/li>\n<\/ul>\n","protected":false},"excerpt":{"rendered":"<p>Sistem\u00e1tica de screening de sustancias t\u00f3xicas en muestras biol\u00f3gicas. Determinaci\u00f3n de estricnina en muestras biol\u00f3gicas y cebos. Determinaci\u00f3n de metaldeh\u00eddo<\/p>\n","protected":false},"author":1,"featured_media":0,"parent":161,"menu_order":3,"comment_status":"closed","ping_status":"closed","template":"","meta":{"colormag_page_container_layout":"no_sidebar_full_width","colormag_page_sidebar_layout":"right_sidebar","footnotes":""},"class_list":["post-197","page","type-page","status-publish","hentry"],"_links":{"self":[{"href":"https:\/\/www.sertoxmur.com\/index.php?rest_route=\/wp\/v2\/pages\/197","targetHints":{"allow":["GET"]}}],"collection":[{"href":"https:\/\/www.sertoxmur.com\/index.php?rest_route=\/wp\/v2\/pages"}],"about":[{"href":"https:\/\/www.sertoxmur.com\/index.php?rest_route=\/wp\/v2\/types\/page"}],"author":[{"embeddable":true,"href":"https:\/\/www.sertoxmur.com\/index.php?rest_route=\/wp\/v2\/users\/1"}],"replies":[{"embeddable":true,"href":"https:\/\/www.sertoxmur.com\/index.php?rest_route=%2Fwp%2Fv2%2Fcomments&post=197"}],"version-history":[{"count":0,"href":"https:\/\/www.sertoxmur.com\/index.php?rest_route=\/wp\/v2\/pages\/197\/revisions"}],"up":[{"embeddable":true,"href":"https:\/\/www.sertoxmur.com\/index.php?rest_route=\/"}],"wp:attachment":[{"href":"https:\/\/www.sertoxmur.com\/index.php?rest_route=%2Fwp%2Fv2%2Fmedia&parent=197"}],"curies":[{"name":"wp","href":"https:\/\/api.w.org\/{rel}","templated":true}]}}