{"id":2,"date":"2012-02-28T10:20:17","date_gmt":"2012-02-28T10:20:17","guid":{"rendered":"https:\/\/www.sertoxmur.com\/?page_id=2"},"modified":"2020-09-06T16:34:42","modified_gmt":"2020-09-06T16:34:42","slug":"pagina-ejemplo","status":"publish","type":"page","link":"https:\/\/www.sertoxmur.com\/?page_id=2","title":{"rendered":"Secci\u00f3n Medioambiental y Ecotoxicolog\u00eda"},"content":{"rendered":"<p><a href=\"https:\/\/www.sertoxmur.com\/?attachment_id=178\" rel=\"attachment wp-att-178\"><img decoding=\"async\" class=\"alignleft size-thumbnail wp-image-178\" title=\"quebranta\" src=\"https:\/\/www.sertoxmur.com\/wp-content\/uploads\/2012\/03\/quebranta-150x150.jpg\" alt=\"\" width=\"150\" height=\"150\" \/><\/a><strong>Toxicolog\u00eda Ambiental y Ecotoxicolog\u00eda<\/strong><\/p>\n<p>La toxicolog\u00eda ambiental y la ecotoxicolog\u00eda son dos de las ramas de aplicaci\u00f3n de la toxicolog\u00eda que m\u00e1s han evolucionado en los \u00faltimos a\u00f1os, aportando informaci\u00f3n de gran inter\u00e9s en la evaluaci\u00f3n y gesti\u00f3n del riesgo toxicol\u00f3gico y ecotoxicol\u00f3gico asociado, fundamentalmente, a los contaminantes ambientales persistentes: desde la detecci\u00f3n y cuantificaci\u00f3n anal\u00edtica de contaminantes en m\u00faltiples y diversos tipos de muestras biol\u00f3gicas y no biol\u00f3gicas, hasta la observaci\u00f3n de efectos en individuos, poblaciones y ecosistemas; desde la b\u00fasqueda de especies centinelas y\/o indicadoras, hasta la b\u00fasqueda de marcadores y biomarcadores de exposici\u00f3n y efecto; desde la concepci\u00f3n del contacto t\u00f3xico-organismo como origen del estudio de la toxicolog\u00eda cl\u00e1sica, al concepto multifactorial t\u00f3xico-mol\u00e9cula\/individuo\/poblaci\u00f3n-medio de la toxicolog\u00eda actual.<\/p>\n<p>Nuestro servicio ofrece la posibilidad de llevar a cabo estudios de investigaci\u00f3n relacionados con la ecotoxicolog\u00eda y la toxicolog\u00eda ambiental. En la actualidad participamos en varios proyectos\/l\u00edneas de investigaci\u00f3n y servicios que abordan esta tem\u00e1tica, financiadas por administraciones y empresas:<a title=\"PROYECTO MASCA\" href=\"https:\/\/www.sertoxmur.com\/?page_id=339\"><br \/><\/a><\/p>\n<p>\u00a0<\/p>\n\n\n<p><img decoding=\"async\" width=\"150\" height=\"159\" class=\"wp-image-5524\" style=\"width: 150px;\" src=\"https:\/\/www.sertoxmur.com\/wp-content\/uploads\/2020\/09\/LOGO-PLAN-NACIONAL-IDI.png\" alt=\"\" srcset=\"https:\/\/www.sertoxmur.com\/wp-content\/uploads\/2020\/09\/LOGO-PLAN-NACIONAL-IDI.png 418w, https:\/\/www.sertoxmur.com\/wp-content\/uploads\/2020\/09\/LOGO-PLAN-NACIONAL-IDI-282x300.png 282w\" sizes=\"(max-width: 150px) 100vw, 150px\" \/><a href=\"https:\/\/www.sertoxmur.com\/?page_id=339\">PROGRAMA MASCA<\/a><\/p>\n\n\n\n<p class=\"has-text-align-left\"><img decoding=\"async\" width=\"150\" height=\"137\" class=\"wp-image-5519\" style=\"width: 150px;\" src=\"https:\/\/www.sertoxmur.com\/wp-content\/uploads\/2020\/09\/logo-eurapmon.jpg\" alt=\"\" srcset=\"https:\/\/www.sertoxmur.com\/wp-content\/uploads\/2020\/09\/logo-eurapmon.jpg 491w, https:\/\/www.sertoxmur.com\/wp-content\/uploads\/2020\/09\/logo-eurapmon-300x275.jpg 300w\" sizes=\"(max-width: 150px) 100vw, 150px\" \/><a href=\"http:\/\/www.eurapmon.net\/\">EURAPMON<\/a><\/p>\n\n\n\n<p><img loading=\"lazy\" decoding=\"async\" width=\"150\" height=\"89\" class=\"wp-image-5526\" style=\"width: 150px;\" src=\"https:\/\/www.sertoxmur.com\/wp-content\/uploads\/2020\/09\/NOVEDAR-LOGO.png\" alt=\"\"><a href=\"http:\/\/www.novedar.com\/en\/default.asp\">PROYECTO NOVEDAR<\/a><\/p>\n\n\n\n<p>&nbsp;<img decoding=\"async\" class=\"wp-image-4986\" style=\"width: 125px;\" src=\"https:\/\/www.sertoxmur.com\/wp-content\/uploads\/2020\/05\/logo-COST-ACTION-FINAL-PM.png\" alt=\"\"><a href=\"https:\/\/erbfacility.eu\/\">ERBFacility (COST-Action)<\/a><\/p>\n\n\n\n<p><\/p>\n","protected":false},"excerpt":{"rendered":"<p>Toxicolog\u00eda Ambiental y Ecotoxicolog\u00eda La toxicolog\u00eda ambiental y la ecotoxicolog\u00eda son dos de las ramas de aplicaci\u00f3n de la toxicolog\u00eda<\/p>\n","protected":false},"author":1,"featured_media":0,"parent":4363,"menu_order":4,"comment_status":"closed","ping_status":"closed","template":"","meta":{"colormag_page_container_layout":"no_sidebar_full_width","colormag_page_sidebar_layout":"right_sidebar","footnotes":""},"class_list":["post-2","page","type-page","status-publish","hentry"],"_links":{"self":[{"href":"https:\/\/www.sertoxmur.com\/index.php?rest_route=\/wp\/v2\/pages\/2","targetHints":{"allow":["GET"]}}],"collection":[{"href":"https:\/\/www.sertoxmur.com\/index.php?rest_route=\/wp\/v2\/pages"}],"about":[{"href":"https:\/\/www.sertoxmur.com\/index.php?rest_route=\/wp\/v2\/types\/page"}],"author":[{"embeddable":true,"href":"https:\/\/www.sertoxmur.com\/index.php?rest_route=\/wp\/v2\/users\/1"}],"replies":[{"embeddable":true,"href":"https:\/\/www.sertoxmur.com\/index.php?rest_route=%2Fwp%2Fv2%2Fcomments&post=2"}],"version-history":[{"count":0,"href":"https:\/\/www.sertoxmur.com\/index.php?rest_route=\/wp\/v2\/pages\/2\/revisions"}],"up":[{"embeddable":true,"href":"https:\/\/www.sertoxmur.com\/index.php?rest_route=\/wp\/v2\/pages\/4363"}],"wp:attachment":[{"href":"https:\/\/www.sertoxmur.com\/index.php?rest_route=%2Fwp%2Fv2%2Fmedia&parent=2"}],"curies":[{"name":"wp","href":"https:\/\/api.w.org\/{rel}","templated":true}]}}