{"id":224,"date":"2012-03-06T22:25:13","date_gmt":"2012-03-06T22:25:13","guid":{"rendered":"https:\/\/www.sertoxmur.com\/?page_id=224"},"modified":"2025-04-13T20:09:07","modified_gmt":"2025-04-13T20:09:07","slug":"documentos","status":"publish","type":"page","link":"https:\/\/www.sertoxmur.com\/?page_id=224","title":{"rendered":"Documentos"},"content":{"rendered":"<p>En esta secci\u00f3n puede encontrar <em><strong><span style=\"color: #993366;\">enlaces a documentos <\/span><\/strong><\/em>que pueden ser de inter\u00e9s sobre:<\/p>\n<p>&#8211; <a href=\"https:\/\/www.sertoxmur.com\/?page_id=1316\">Toxicolog\u00eda Veterinaria y Venenos<\/a><\/p>\n<p>&#8211;\u00a0<a href=\"https:\/\/www.sertoxmur.com\/?page_id=1323\" target=\"_blank\" rel=\"noopener noreferrer\">Toxicolog\u00eda Alimentaria (Seguridad Alimentaria)<\/a><\/p>\n<p>&#8211;<span style=\"color: #0000ff;\"><a href=\"https:\/\/www.sertoxmur.com\/?page_id=3600\" target=\"_blank\" rel=\"noopener noreferrer\" data-wplink-edit=\"true\"> Toxicolog\u00eda Ambiental y Ecotoxicolog\u00eda<\/a><\/span><\/p>\n\n\n<p><\/p>\n","protected":false},"excerpt":{"rendered":"<p>En esta secci\u00f3n puede encontrar enlaces a documentos que pueden ser de inter\u00e9s sobre: &#8211; Toxicolog\u00eda Veterinaria y Venenos &#8211;\u00a0Toxicolog\u00eda<\/p>\n","protected":false},"author":1,"featured_media":0,"parent":5317,"menu_order":5,"comment_status":"closed","ping_status":"closed","template":"","meta":{"colormag_page_container_layout":"no_sidebar_content_centered","colormag_page_sidebar_layout":"no_sidebar","footnotes":""},"class_list":["post-224","page","type-page","status-publish","hentry"],"_links":{"self":[{"href":"https:\/\/www.sertoxmur.com\/index.php?rest_route=\/wp\/v2\/pages\/224","targetHints":{"allow":["GET"]}}],"collection":[{"href":"https:\/\/www.sertoxmur.com\/index.php?rest_route=\/wp\/v2\/pages"}],"about":[{"href":"https:\/\/www.sertoxmur.com\/index.php?rest_route=\/wp\/v2\/types\/page"}],"author":[{"embeddable":true,"href":"https:\/\/www.sertoxmur.com\/index.php?rest_route=\/wp\/v2\/users\/1"}],"replies":[{"embeddable":true,"href":"https:\/\/www.sertoxmur.com\/index.php?rest_route=%2Fwp%2Fv2%2Fcomments&post=224"}],"version-history":[{"count":0,"href":"https:\/\/www.sertoxmur.com\/index.php?rest_route=\/wp\/v2\/pages\/224\/revisions"}],"up":[{"embeddable":true,"href":"https:\/\/www.sertoxmur.com\/index.php?rest_route=\/wp\/v2\/pages\/5317"}],"wp:attachment":[{"href":"https:\/\/www.sertoxmur.com\/index.php?rest_route=%2Fwp%2Fv2%2Fmedia&parent=224"}],"curies":[{"name":"wp","href":"https:\/\/api.w.org\/{rel}","templated":true}]}}