{"id":3600,"date":"2017-10-01T23:06:55","date_gmt":"2017-10-01T23:06:55","guid":{"rendered":"https:\/\/www.sertoxmur.com\/?page_id=3600"},"modified":"2025-04-13T20:55:00","modified_gmt":"2025-04-13T20:55:00","slug":"masca-monitorizacion-de-contaminantes-ambientales","status":"publish","type":"page","link":"https:\/\/www.sertoxmur.com\/?page_id=3600","title":{"rendered":"Toxicolog\u00eda Ambiental y Ecotoxicolog\u00eda"},"content":{"rendered":"<p style=\"text-align: right;\"><em>.<\/em><\/p>\n<p><em>&#8211; <a href=\"https:\/\/www.researchgate.net\/publication\/294885017_Sampling_and_contaminant_monitoring_protocol_for_raptors\" target=\"_blank\" rel=\"noopener noreferrer\">Protocolo Europeo de Muestreo y Monitorizaci\u00f3n de Contaminantes en Rapaces<\/a><\/em><\/p>\n<p style=\"text-align: right;\"><em>S. Esp\u00edn et al., 2014<\/em><\/p>\n<p><em>&#8211; <a href=\"https:\/\/link.springer.com\/article\/10.1007\/s10646-016-1636-8\" target=\"_blank\" rel=\"noopener noreferrer\">Selecci\u00f3n de Muestras de Rapaces como Animales Centinela<\/a><\/em><\/p>\n<p style=\"text-align: right;\"><em>S. Esp\u00edn et al., 2016<\/em><\/p>\n<p class=\"heading-title\"><em>&#8211; <a href=\"https:\/\/link.springer.com\/article\/10.1007\/s13280-020-01341-9\">A schematic sampling protocol for contaminant monitoring in raptors<\/a><\/em><\/p>\n<p style=\"text-align: right;\"><em>S. Esp\u00edn et al., 2020<\/em><\/p>\n<p><a href=\"https:\/\/www.sertoxmur.com\/wp-content\/uploads\/2025\/04\/Garcia-Fernandez-2014-EnTox-ECOTOX.pdf\"><em>&#8211; Avian Ecotoxicology<\/em><\/a><\/p>\n<p style=\"text-align: right;\"><em>A.J. Garc\u00eda-Fern\u00e1ndez, 2014<\/em><\/p>\n<p><em>&#8211; <a href=\"https:\/\/digitum.um.es\/xmlui\/bitstream\/10201\/36155\/1\/Tesis%20Silvia%20Esp%C3%ADn%20Luj%C3%A1n.pdf\" target=\"_blank\" rel=\"noopener noreferrer\">Biomonitorizaci\u00f3n de contaminantes ambientales persistentes y evaluaci\u00f3n de efectos subletales en aves silvestres: uso de plumas y biomarcadores de estr\u00e9s oxidativo.<\/a><\/em><\/p>\n<p style=\"text-align: right;\"><em>S. Esp\u00edn 2013 &#8211;\u00a0Tesis Doctoral<\/em><\/p>\n<p style=\"text-align: right;\"><em>Directores: A.J. Garc\u00eda-Fern\u00e1ndez y E. Mart\u00ednez-L\u00f3pez<\/em><\/p>\n<p style=\"text-align: right;\">\n","protected":false},"excerpt":{"rendered":"<p>. &#8211; Protocolo Europeo de Muestreo y Monitorizaci\u00f3n de Contaminantes en Rapaces S. Esp\u00edn et al., 2014 &#8211; Selecci\u00f3n de<\/p>\n","protected":false},"author":1,"featured_media":0,"parent":224,"menu_order":3,"comment_status":"closed","ping_status":"closed","template":"","meta":{"colormag_page_container_layout":"default_layout","colormag_page_sidebar_layout":"default_layout","footnotes":""},"class_list":["post-3600","page","type-page","status-publish","hentry"],"_links":{"self":[{"href":"https:\/\/www.sertoxmur.com\/index.php?rest_route=\/wp\/v2\/pages\/3600","targetHints":{"allow":["GET"]}}],"collection":[{"href":"https:\/\/www.sertoxmur.com\/index.php?rest_route=\/wp\/v2\/pages"}],"about":[{"href":"https:\/\/www.sertoxmur.com\/index.php?rest_route=\/wp\/v2\/types\/page"}],"author":[{"embeddable":true,"href":"https:\/\/www.sertoxmur.com\/index.php?rest_route=\/wp\/v2\/users\/1"}],"replies":[{"embeddable":true,"href":"https:\/\/www.sertoxmur.com\/index.php?rest_route=%2Fwp%2Fv2%2Fcomments&post=3600"}],"version-history":[{"count":0,"href":"https:\/\/www.sertoxmur.com\/index.php?rest_route=\/wp\/v2\/pages\/3600\/revisions"}],"up":[{"embeddable":true,"href":"https:\/\/www.sertoxmur.com\/index.php?rest_route=\/wp\/v2\/pages\/224"}],"wp:attachment":[{"href":"https:\/\/www.sertoxmur.com\/index.php?rest_route=%2Fwp%2Fv2%2Fmedia&parent=3600"}],"curies":[{"name":"wp","href":"https:\/\/api.w.org\/{rel}","templated":true}]}}