{"id":4120,"date":"2019-05-05T08:43:23","date_gmt":"2019-05-05T08:43:23","guid":{"rendered":"https:\/\/www.sertoxmur.com\/?page_id=4120"},"modified":"2020-05-17T10:30:39","modified_gmt":"2020-05-17T10:30:39","slug":"photo-albums","status":"publish","type":"page","link":"https:\/\/www.sertoxmur.com\/?page_id=4120","title":{"rendered":"Colecci\u00f3n 2. Pr\u00e1cticas de An\u00e1lisis Toxicol\u00f3gico"},"content":{"rendered":"\n<p><strong>Colecci\u00f3n 2.<\/strong> Pr\u00e1cticas de An\u00e1lisis Toxicol\u00f3gico. <strong>Volumen 1. <\/strong><a href=\"https:\/\/youtu.be\/jqsXtmu53jU\">Homogeneizaci\u00f3n de muestras para an\u00e1lisis toxicol\u00f3gico<\/a> (Homogenization of samples for toxicological analysis)<\/p>\n\n\n\n<p><strong><strong>Colecci\u00f3n 2.<\/strong> <\/strong>Pr\u00e1cticas de An\u00e1lisis Toxicol\u00f3gico. <strong><strong>Volumen<\/strong> 2.<\/strong> <a href=\"https:\/\/youtu.be\/D8ry4IvPQVM\">An\u00e1lisis de pesticidas por QuEChERs &#8211; Fase I &#8211; Extracci\u00f3n<\/a> (Analysis of pesticides by QuEChERs &#8211; Phase I &#8211; Extraction)<\/p>\n\n\n\n<div class=\"wp-block-group\"><div class=\"wp-block-group__inner-container is-layout-flow wp-block-group-is-layout-flow\">\n<div class=\"wp-block-group\"><div class=\"wp-block-group__inner-container is-layout-flow wp-block-group-is-layout-flow\">\n<div class=\"wp-block-group\"><div class=\"wp-block-group__inner-container is-layout-flow wp-block-group-is-layout-flow\">\n<p class=\"has-text-align-left\"><strong>Colecci\u00f3n 2. <\/strong>Pr\u00e1cticas de An\u00e1lisis Toxicol\u00f3gico. <strong>Volumen 3.<\/strong> <a href=\"https:\/\/youtu.be\/Fyl8yhCGhXQ\">An\u00e1lisis de pesticidas por QuEChERs &#8211; Fase II &#8211; Purificaci\u00f3n<\/a> (Analysis of pesticides by QuEChERs &#8211; Phase II &#8211; Purification)<\/p>\n<\/div><\/div>\n\n\n\n<p class=\"has-text-align-left\"><strong>Colecci\u00f3n 2. <\/strong>Pr\u00e1cticas de An\u00e1lisis Toxicol\u00f3gico. <strong>Volumen 4.<\/strong> <a href=\"https:\/\/www.youtube.com\/watch?v=S66jsKzWkL4\">An\u00e1lisis de mercurio en pescado con un analizador directo de mercurio<\/a> (Analysis of mercury using a direct mercury analyzer)<\/p>\n<\/div><\/div>\n<\/div><\/div>\n\n\n\n<p><strong>Colecci\u00f3n 2. <\/strong>Pr\u00e1cticas de An\u00e1lisis Toxicol\u00f3gico. <strong>Volumen 5.<\/strong> <a href=\"https:\/\/www.youtube.com\/watch?v=RzHaOJR9M6Y\">Digesti\u00f3n h\u00fameda de una muestra de sangre para an\u00e1lisis de metales pesados<\/a> (Wet digestion of a blood sample for heavy metal analysis)<\/p>\n\n\n\n<p><strong>Colecci\u00f3n 2. <\/strong>Pr\u00e1cticas de An\u00e1lisis Toxicol\u00f3gico. <strong>Volumen 6.<\/strong> <a href=\"https:\/\/www.youtube.com\/watch?v=j-vho1vyVAU\">Polarograf\u00eda para an\u00e1lisis de metales pesados<\/a> (Polarografic method for heavy metal analysis)<\/p>\n","protected":false},"excerpt":{"rendered":"<p>Colecci\u00f3n 2. Pr\u00e1cticas de An\u00e1lisis Toxicol\u00f3gico. Volumen 1. Homogeneizaci\u00f3n de muestras para an\u00e1lisis toxicol\u00f3gico (Homogenization of samples for toxicological analysis)<\/p>\n","protected":false},"author":1,"featured_media":0,"parent":5359,"menu_order":2,"comment_status":"closed","ping_status":"closed","template":"","meta":{"colormag_page_container_layout":"default_layout","colormag_page_sidebar_layout":"default_layout","footnotes":""},"class_list":["post-4120","page","type-page","status-publish","hentry"],"_links":{"self":[{"href":"https:\/\/www.sertoxmur.com\/index.php?rest_route=\/wp\/v2\/pages\/4120","targetHints":{"allow":["GET"]}}],"collection":[{"href":"https:\/\/www.sertoxmur.com\/index.php?rest_route=\/wp\/v2\/pages"}],"about":[{"href":"https:\/\/www.sertoxmur.com\/index.php?rest_route=\/wp\/v2\/types\/page"}],"author":[{"embeddable":true,"href":"https:\/\/www.sertoxmur.com\/index.php?rest_route=\/wp\/v2\/users\/1"}],"replies":[{"embeddable":true,"href":"https:\/\/www.sertoxmur.com\/index.php?rest_route=%2Fwp%2Fv2%2Fcomments&post=4120"}],"version-history":[{"count":0,"href":"https:\/\/www.sertoxmur.com\/index.php?rest_route=\/wp\/v2\/pages\/4120\/revisions"}],"up":[{"embeddable":true,"href":"https:\/\/www.sertoxmur.com\/index.php?rest_route=\/wp\/v2\/pages\/5359"}],"wp:attachment":[{"href":"https:\/\/www.sertoxmur.com\/index.php?rest_route=%2Fwp%2Fv2%2Fmedia&parent=4120"}],"curies":[{"name":"wp","href":"https:\/\/api.w.org\/{rel}","templated":true}]}}