{"id":4363,"date":"2019-05-05T22:59:50","date_gmt":"2019-05-05T22:59:50","guid":{"rendered":"https:\/\/www.sertoxmur.com\/?page_id=4363"},"modified":"2022-05-05T15:29:11","modified_gmt":"2022-05-05T15:29:11","slug":"secciones","status":"publish","type":"page","link":"https:\/\/www.sertoxmur.com\/?page_id=4363","title":{"rendered":"Secciones"},"content":{"rendered":"\n<p class=\"has-vivid-red-color has-very-light-gray-background-color has-text-color has-background\"><img decoding=\"async\" class=\"wp-image-5002\" style=\"width: 100px;\" src=\"https:\/\/www.sertoxmur.com\/wp-content\/uploads\/2020\/05\/logo-STVF.png\" alt=\"\"><a href=\"https:\/\/www.sertoxmur.com\/?page_id=56\">TOXICOLOG\u00cdA VETERINARIA<\/a><\/p>\n\n\n\n<p class=\"has-vivid-red-color has-very-light-gray-background-color has-text-color has-background\"><img decoding=\"async\" class=\"wp-image-5012\" style=\"width: 110px;\" src=\"https:\/\/www.sertoxmur.com\/wp-content\/uploads\/2020\/05\/logo-calavera-150x150-1.jpg\" alt=\"\"> <a href=\"https:\/\/www.sertoxmur.com\/?page_id=73\">VETERINARIA FORENSE<\/a><\/p>\n\n\n\n<p class=\"has-vivid-red-color has-very-light-gray-background-color has-text-color has-background\"><img decoding=\"async\" width=\"130\" height=\"89\" class=\"wp-image-5006\" style=\"width: 130px;\" src=\"https:\/\/www.sertoxmur.com\/wp-content\/uploads\/2020\/05\/volando.png\" alt=\"\" srcset=\"https:\/\/www.sertoxmur.com\/wp-content\/uploads\/2020\/05\/volando.png 1232w, https:\/\/www.sertoxmur.com\/wp-content\/uploads\/2020\/05\/volando-300x205.png 300w, https:\/\/www.sertoxmur.com\/wp-content\/uploads\/2020\/05\/volando-1024x701.png 1024w, https:\/\/www.sertoxmur.com\/wp-content\/uploads\/2020\/05\/volando-768x526.png 768w, https:\/\/www.sertoxmur.com\/wp-content\/uploads\/2020\/05\/volando-392x272.png 392w, https:\/\/www.sertoxmur.com\/wp-content\/uploads\/2020\/05\/volando-130x90.png 130w\" sizes=\"(max-width: 130px) 100vw, 130px\" \/><a href=\"https:\/\/www.sertoxmur.com\/?page_id=2\">TOXICOLOG\u00cdA AMBIENTAL &#8211; ECOTOXICOLOG\u00cdA<\/a><\/p>\n\n\n\n<p class=\"has-vivid-red-color has-very-light-gray-background-color has-text-color has-background\"><img decoding=\"async\" width=\"130\" height=\"89\" class=\"wp-image-405\" style=\"width: 130px;\" src=\"https:\/\/www.sertoxmur.com\/wp-content\/uploads\/2012\/03\/linea-6.jpg\" alt=\"\" srcset=\"https:\/\/www.sertoxmur.com\/wp-content\/uploads\/2012\/03\/linea-6.jpg 445w, https:\/\/www.sertoxmur.com\/wp-content\/uploads\/2012\/03\/linea-6-300x204.jpg 300w\" sizes=\"(max-width: 130px) 100vw, 130px\" \/><a href=\"https:\/\/www.sertoxmur.com\/?page_id=40\">SEGURIDAD ALIMENTARIA<\/a><\/p>\n\n\n\n<p class=\"has-vivid-red-color has-very-light-gray-background-color has-text-color has-background\"><img decoding=\"async\" width=\"150\" height=\"71\" class=\"wp-image-5022\" style=\"width: 150px;\" src=\"https:\/\/www.sertoxmur.com\/wp-content\/uploads\/2020\/05\/imib.png\" alt=\"\" srcset=\"https:\/\/www.sertoxmur.com\/wp-content\/uploads\/2020\/05\/imib.png 684w, https:\/\/www.sertoxmur.com\/wp-content\/uploads\/2020\/05\/imib-300x143.png 300w\" sizes=\"(max-width: 150px) 100vw, 150px\" \/><a href=\"https:\/\/www.sertoxmur.com\/?page_id=5016\">BIOM\u00c9DICA Y EXPERIMENTAL<\/a><\/p>\n","protected":false},"excerpt":{"rendered":"<p>TOXICOLOG\u00cdA VETERINARIA VETERINARIA FORENSE TOXICOLOG\u00cdA AMBIENTAL &#8211; ECOTOXICOLOG\u00cdA SEGURIDAD ALIMENTARIA BIOM\u00c9DICA Y EXPERIMENTAL<\/p>\n","protected":false},"author":1,"featured_media":0,"parent":0,"menu_order":0,"comment_status":"closed","ping_status":"closed","template":"","meta":{"colormag_page_container_layout":"no_sidebar_full_width","colormag_page_sidebar_layout":"right_sidebar","footnotes":""},"class_list":["post-4363","page","type-page","status-publish","hentry"],"_links":{"self":[{"href":"https:\/\/www.sertoxmur.com\/index.php?rest_route=\/wp\/v2\/pages\/4363","targetHints":{"allow":["GET"]}}],"collection":[{"href":"https:\/\/www.sertoxmur.com\/index.php?rest_route=\/wp\/v2\/pages"}],"about":[{"href":"https:\/\/www.sertoxmur.com\/index.php?rest_route=\/wp\/v2\/types\/page"}],"author":[{"embeddable":true,"href":"https:\/\/www.sertoxmur.com\/index.php?rest_route=\/wp\/v2\/users\/1"}],"replies":[{"embeddable":true,"href":"https:\/\/www.sertoxmur.com\/index.php?rest_route=%2Fwp%2Fv2%2Fcomments&post=4363"}],"version-history":[{"count":0,"href":"https:\/\/www.sertoxmur.com\/index.php?rest_route=\/wp\/v2\/pages\/4363\/revisions"}],"wp:attachment":[{"href":"https:\/\/www.sertoxmur.com\/index.php?rest_route=%2Fwp%2Fv2%2Fmedia&parent=4363"}],"curies":[{"name":"wp","href":"https:\/\/api.w.org\/{rel}","templated":true}]}}