{"id":5016,"date":"2020-05-16T01:43:18","date_gmt":"2020-05-16T01:43:18","guid":{"rendered":"https:\/\/www.sertoxmur.com\/?page_id=5016"},"modified":"2020-09-06T16:14:12","modified_gmt":"2020-09-06T16:14:12","slug":"seccion-biomedica-y-experimental","status":"publish","type":"page","link":"https:\/\/www.sertoxmur.com\/?page_id=5016","title":{"rendered":"Secci\u00f3n Biom\u00e9dica y Experimental"},"content":{"rendered":"\n<p><img decoding=\"async\" width=\"150\" height=\"152\" class=\"wp-image-5017\" style=\"width: 150px;\" src=\"https:\/\/www.sertoxmur.com\/wp-content\/uploads\/2020\/05\/logo-IMIB.png\" alt=\"\" srcset=\"https:\/\/www.sertoxmur.com\/wp-content\/uploads\/2020\/05\/logo-IMIB.png 496w, https:\/\/www.sertoxmur.com\/wp-content\/uploads\/2020\/05\/logo-IMIB-296x300.png 296w\" sizes=\"(max-width: 150px) 100vw, 150px\" \/><strong> INSTITUTO MURCIANO DE INVESTIGACI\u00d3N BIOSANITARIA \u00abVIRGEN DE LA ARRIXACA\u00bb (IMIB)<\/strong><\/p>\n\n\n\n<p><\/p>\n\n\n\n<div class=\"wp-block-image\"><figure class=\"alignright is-resized\"><img fetchpriority=\"high\" decoding=\"async\" src=\"https:\/\/www.sertoxmur.com\/wp-content\/uploads\/2020\/05\/IMIB-GRUPO-TOXICOLOGIA.png\" alt=\"La imagen tiene un atributo ALT vac\u00edo; su nombre de archivo es IMIB-GRUPO-TOXICOLOGIA.png\" width=\"251\" height=\"277\"\/><\/figure><\/div>\n\n\n\n<p>Desde el a\u00f1o 2017, el grupo de Investigaci\u00f3n \u00ab<strong><em><a href=\"http:\/\/toxirisk.imib.es\/grupoinvestigacion\/index.jsf\">Toxicolog\u00eda y Evaluaci\u00f3n de Riesgos<\/a><\/em><\/strong>\u00bb (\u00c1rea 3 de Investigaci\u00f3n del IMIB) aporta servicios de investigaci\u00f3n y transferencia, enfocados al \u00e1mbito biosanitario y biom\u00e9dico.<\/p>\n\n\n\n<p>La formaci\u00f3n en evaluaci\u00f3n de riesgos toxicol\u00f3gicos en la industria qu\u00edmica y farmac\u00e9utica, as\u00ed como la experiencia en el manejo de animales de experimentaci\u00f3n y de m\u00e9todos in vitro permite a Sertoxmur colaborar con otros grupos del IMIB en investigaciones biosanitarias y biom\u00e9dicas de alto nivel.<\/p>\n\n\n\n<figure class=\"wp-block-image size-large\"><img decoding=\"async\" width=\"1024\" height=\"331\" src=\"https:\/\/www.sertoxmur.com\/wp-content\/uploads\/2020\/05\/Captura-de-pantalla-2020-05-16-a-las-13.53.28-1024x331.png\" alt=\"\" class=\"wp-image-5089\" srcset=\"https:\/\/www.sertoxmur.com\/wp-content\/uploads\/2020\/05\/Captura-de-pantalla-2020-05-16-a-las-13.53.28-1024x331.png 1024w, https:\/\/www.sertoxmur.com\/wp-content\/uploads\/2020\/05\/Captura-de-pantalla-2020-05-16-a-las-13.53.28-300x97.png 300w, https:\/\/www.sertoxmur.com\/wp-content\/uploads\/2020\/05\/Captura-de-pantalla-2020-05-16-a-las-13.53.28-768x248.png 768w, https:\/\/www.sertoxmur.com\/wp-content\/uploads\/2020\/05\/Captura-de-pantalla-2020-05-16-a-las-13.53.28-1536x496.png 1536w, https:\/\/www.sertoxmur.com\/wp-content\/uploads\/2020\/05\/Captura-de-pantalla-2020-05-16-a-las-13.53.28-2048x661.png 2048w\" sizes=\"(max-width: 1024px) 100vw, 1024px\" \/><\/figure>\n","protected":false},"excerpt":{"rendered":"<p>INSTITUTO MURCIANO DE INVESTIGACI\u00d3N BIOSANITARIA \u00abVIRGEN DE LA ARRIXACA\u00bb (IMIB) Desde el a\u00f1o 2017, el grupo de Investigaci\u00f3n \u00abToxicolog\u00eda y<\/p>\n","protected":false},"author":1,"featured_media":0,"parent":4363,"menu_order":0,"comment_status":"closed","ping_status":"closed","template":"","meta":{"colormag_page_container_layout":"no_sidebar_content_centered","colormag_page_sidebar_layout":"no_sidebar","footnotes":""},"class_list":["post-5016","page","type-page","status-publish","hentry"],"_links":{"self":[{"href":"https:\/\/www.sertoxmur.com\/index.php?rest_route=\/wp\/v2\/pages\/5016","targetHints":{"allow":["GET"]}}],"collection":[{"href":"https:\/\/www.sertoxmur.com\/index.php?rest_route=\/wp\/v2\/pages"}],"about":[{"href":"https:\/\/www.sertoxmur.com\/index.php?rest_route=\/wp\/v2\/types\/page"}],"author":[{"embeddable":true,"href":"https:\/\/www.sertoxmur.com\/index.php?rest_route=\/wp\/v2\/users\/1"}],"replies":[{"embeddable":true,"href":"https:\/\/www.sertoxmur.com\/index.php?rest_route=%2Fwp%2Fv2%2Fcomments&post=5016"}],"version-history":[{"count":0,"href":"https:\/\/www.sertoxmur.com\/index.php?rest_route=\/wp\/v2\/pages\/5016\/revisions"}],"up":[{"embeddable":true,"href":"https:\/\/www.sertoxmur.com\/index.php?rest_route=\/wp\/v2\/pages\/4363"}],"wp:attachment":[{"href":"https:\/\/www.sertoxmur.com\/index.php?rest_route=%2Fwp%2Fv2%2Fmedia&parent=5016"}],"curies":[{"name":"wp","href":"https:\/\/api.w.org\/{rel}","templated":true}]}}