{"id":5277,"date":"2020-05-16T23:27:13","date_gmt":"2020-05-16T23:27:13","guid":{"rendered":"https:\/\/www.sertoxmur.com\/?page_id=5277"},"modified":"2020-05-16T23:50:05","modified_gmt":"2020-05-16T23:50:05","slug":"politica-de-privacidad-y-proteccion-de-datos","status":"publish","type":"page","link":"https:\/\/www.sertoxmur.com\/?page_id=5277","title":{"rendered":"Pol\u00edtica de privacidad y protecci\u00f3n de datos"},"content":{"rendered":"\n<h4 class=\"wp-block-heading\"><span class=\"has-inline-color has-vivid-cyan-blue-color\">Responsable del tratamiento de los datos<\/span><\/h4>\n\n\n\n<p>La direcci\u00f3n de nuestra web es: <a href=\"https:\/\/www.sertoxmur.com\">https:\/\/www.sertoxmur.com<\/a>. El responsable del tratamiento de los datos es Antonio Juan Garc\u00eda Fern\u00e1ndez (NIF 22948896W), con domicilio en Grupo de Investigaci\u00f3n de Toxicolog\u00eda, Facultad de Veterinaria, Universidad de Murcia, Campus de Espinardo, 30100 Murcia, Espa\u00f1a. Tel\u00e9fono: 630803808. E-mail: <a href=\"mailto:toxvet@um.es\">toxvet@um.es<\/a>. Sertoxmur es el propietario de este dominio, y de los contenidos existentes en el mismo.<\/p>\n\n\n\n<h4 class=\"wp-block-heading\"><span class=\"has-inline-color has-vivid-cyan-blue-color\">Datos personales que se recogen y por qu\u00e9<\/span><\/h4>\n\n\n\n<p>Se informa al usuario que junto con la aceptaci\u00f3n de esta Pol\u00edtica de Privacidad, en los formularios de registro de la web www.sertoxmur.com&nbsp; y\/o mediante la relaci\u00f3n contractual establecida entre el usuario y sertoxmur, se recaban datos que se almacenan en un fichero, con la finalidad de env\u00edo de comunicaciones electr\u00f3nicas sobre los servicios solicitados, as\u00ed como para el env\u00edo de boletines u otras comunicaciones que Sertoxmur entiende interesantes para sus usuarios. Los campos marcados como de cumplimentaci\u00f3n obligatoria son imprescindibles para realizar la finalidad expresada. \u00danicamente el titular tendr\u00e1 acceso a sus datos y bajo ning\u00fan concepto, estos datos ser\u00e1n cedidos, compartidos, transferidos ni vendidos a ning\u00fan tercero, salvo obligaci\u00f3n legal. &nbsp;Los datos recabados en los env\u00edos de formularios de contacto se mantienen durante un cierto per\u00edodo con fines de servicio al cliente, pero no se utilizar\u00e1 la informaci\u00f3n enviada a trav\u00e9s de ellos con fines de marketing. Mientras no nos comunique lo contrario, entenderemos que tenemos su consentimiento para utilizarlos para las finalidades mencionadas.<\/p>\n\n\n\n<p><strong><span class=\"has-inline-color has-vivid-cyan-blue-color\">Comentarios: <\/span><\/strong>Cuando los visitantes dejan comentarios en la web, recopilamos los datos que se muestran en el formulario de comentarios, as\u00ed como la direcci\u00f3n IP del visitante y la cadena de agentes de usuario del navegador para ayudar a la detecci\u00f3n de spam.<strong> <\/strong>Una cadena an\u00f3nima creada a partir de su direcci\u00f3n de correo electr\u00f3nico (tambi\u00e9n llamada hash) puede ser proporcionada al servicio de Gravatar para ver si la est\u00e1 usando. La pol\u00edtica de privacidad del servicio Gravatar est\u00e1 disponible aqu\u00ed: https:\/\/automattic.com\/privacy\/. Despu\u00e9s de la aprobaci\u00f3n de su comentario, la imagen de tu perfil es visible para el p\u00fablico en el contexto de tu comentario.<\/p>\n\n\n\n<p><strong><span class=\"has-inline-color has-vivid-cyan-blue-color\">Medios: <\/span><\/strong>Si sube im\u00e1genes a la web, deber\u00eda evitar subir im\u00e1genes con datos de ubicaci\u00f3n (GPS EXIF) incluidos. Los visitantes de la web pueden descargar y extraer cualquier dato de ubicaci\u00f3n de las im\u00e1genes de la web.<\/p>\n\n\n\n<p><strong><span class=\"has-inline-color has-vivid-cyan-blue-color\">Cookies: <\/span><\/strong>Si deja un comentario en nuestro sitio puede elegir guardar su nombre, direcci\u00f3n de correo electr\u00f3nico y web en cookies. Esto es solo para su comodidad, para que no tenga que volver a rellenar sus datos cuando deje otro comentario. Estas cookies tendr\u00e1n una duraci\u00f3n de un a\u00f1o.<strong> <\/strong>Si tiene una cuenta y se conecta a este sitio, instalaremos una cookie temporal para determinar si su navegador acepta cookies. Esta cookie no contiene datos personales y se elimina al cerrar el navegador.<strong> <\/strong>Cuando acceda, tambi\u00e9n instalaremos varias cookies para guardar su informaci\u00f3n de acceso y sus opciones de visualizaci\u00f3n de pantalla. Las cookies de acceso duran dos d\u00edas, y las cookies de opciones de pantalla duran un a\u00f1o. Si selecciona \u00abRecu\u00e9rdarme\u00bb, su acceso perdurar\u00e1 durante dos semanas. Si sale de su cuenta, las cookies de acceso se eliminar\u00e1n.<strong> <\/strong>Si edita o publica un art\u00edculo se guardar\u00e1 una cookie adicional en su navegador. Esta cookie no incluye datos personales y simplemente indica el ID del art\u00edculo que acaba de editar. Caduca despu\u00e9s de 1 d\u00eda.<\/p>\n\n\n\n<h4 class=\"wp-block-heading\"><span class=\"has-inline-color has-vivid-cyan-blue-color\">Contenido incrustado de otros sitios web<\/span><\/h4>\n\n\n\n<p>Los art\u00edculos de este sitio pueden incluir contenido incrustado (por ejemplo, v\u00eddeos, im\u00e1genes, art\u00edculos, etc.). El contenido incrustado de otras webs se comporta exactamente de la misma manera que si el visitante hubiera visitado la otra web. Estas web pueden recopilar datos sobre usted, utilizar cookies, incrustar un seguimiento adicional de terceros, y supervisar su interacci\u00f3n con ese contenido incrustado, incluido el seguimiento de su interacci\u00f3n con el contenido incrustado si tiene una cuenta y est\u00e1 conectado a esa web.<\/p>\n\n\n\n<h4 class=\"wp-block-heading\"><span class=\"has-inline-color has-vivid-cyan-blue-color\">Medidas de seguridad<\/span><strong><span class=\"has-inline-color has-vivid-cyan-blue-color\"><\/span><\/strong><\/h4>\n\n\n\n<p>Sertoxmur le informa que tiene implantadas las medidas de seguridad de \u00edndole t\u00e9cnica y organizativa necesarias para garantizar la seguridad de sus datos de car\u00e1cter personal y evitar su alteraci\u00f3n, p\u00e9rdida y tratamiento y\/o acceso no autorizado, habida cuenta del estado de la tecnolog\u00eda, la naturaleza de los datos almacenados y los riesgos a que est\u00e1n expuestos, ya provengan de la acci\u00f3n humana o del medio f\u00edsico o natural.<\/p>\n\n\n\n<h4 class=\"wp-block-heading\"><span class=\"has-inline-color has-vivid-cyan-blue-color\">Durante cu\u00e1nto tiempo conservamos sus datos<\/span><\/h4>\n\n\n\n<p>Si deja un comentario, el comentario y sus metadatos se conservan indefinidamente. Esto es para que podamos reconocer y aprobar comentarios sucesivos autom\u00e1ticamente, en lugar de mantenerlos en una cola de moderaci\u00f3n. En caso de que un usuario se registre en nuestra web, tambi\u00e9n almacenamos la informaci\u00f3n personal que proporcione en su perfil de usuario. Todos los usuarios pueden ver, editar o eliminar su informaci\u00f3n personal en cualquier momento (excepto que no pueden cambiar su nombre de usuario). Los administradores de la web tambi\u00e9n pueden ver y editar esa informaci\u00f3n.<\/p>\n\n\n\n<h4 class=\"wp-block-heading\"><span class=\"has-inline-color has-vivid-cyan-blue-color\">\u00bfCu\u00e1les son sus derechos cuando nos facilita sus datos?<\/span><\/h4>\n\n\n\n<p>El usuario tiene derecho a solicitar el acceso a los datos personales relativos al interesado, solicitar su rectificaci\u00f3n o supresi\u00f3n, solicitar la limitaci\u00f3n de su tratamiento, oponerse al tratamiento de sus datos y a solicitar la portabilidad de los mismos.<\/p>\n\n\n\n<p>El ejercicio de estos derechos es personal y debe por tanto ser ejercido directamente por el interesado, solicit\u00e1ndolo directamente a Sertoxmur por escrito o correo electr\u00f3nico a <a href=\"mailto:toxvet@um.es\">toxvet@um.es<\/a> (adjuntando una copia del DNI o equivalente), lo que significa que cualquier cliente puede solicitar informaci\u00f3n sobre los datos almacenados y c\u00f3mo se han obtenido (derecho de acceso), puede solicitar la rectificaci\u00f3n de los mismos, oponerse a su tratamiento, limitando su uso o cancelando los datos de los ficheros.<\/p>\n\n\n\n<p>Tambi\u00e9n puede solicitar que eliminemos cualquier dato personal que tengamos sobre usted. Esto no incluye ning\u00fan dato que estemos obligados a conservar con fines administrativos, legales o de seguridad.<\/p>\n\n\n\n<p>Los interesados tambi\u00e9n tendr\u00e1n derecho a la tutela judicial efectiva y a presentar una reclamaci\u00f3n ante la autoridad de control, en este caso, la Agencia Espa\u00f1ola de Protecci\u00f3n de Datos, si consideran que el tratamiento de datos personales que le conciernen infringe el Reglamento.<\/p>\n\n\n\n<h4 class=\"wp-block-heading\"><span class=\"has-inline-color has-vivid-cyan-blue-color\">Aceptaci\u00f3n y Consentimiento<\/span><\/h4>\n\n\n\n<p>El usuario declara haber sido informado de las condiciones sobre protecci\u00f3n de datos de car\u00e1cter personal, aceptando y consintiendo el tratamiento de los mismos por parte de Sertoxmur, en la forma y para las finalidades indicadas en la presente Pol\u00edtica de Privacidad.<\/p>\n\n\n\n<h4 class=\"wp-block-heading\"><span class=\"has-inline-color has-vivid-cyan-blue-color\">Modificaci\u00f3n de la Pol\u00edtca de Privacidad<\/span><\/h4>\n\n\n\n<p>Sertoxmur se reserva el derecho a modificar su Pol\u00edtica de Privacidad, de acuerdo a su propio criterio, motivado por un cambio legislativo, jurisprudencial o doctrinal de la Agencia Espa\u00f1ola de Protecci\u00f3n de Datos. El uso de la web despu\u00e9s de dichos cambios, implicar\u00e1 la aceptaci\u00f3n de los mismos.<\/p>\n","protected":false},"excerpt":{"rendered":"<p>Responsable del tratamiento de los datos La direcci\u00f3n de nuestra web es: https:\/\/www.sertoxmur.com. El responsable del tratamiento de los datos<\/p>\n","protected":false},"author":1,"featured_media":0,"parent":778,"menu_order":2,"comment_status":"closed","ping_status":"closed","template":"","meta":{"colormag_page_container_layout":"default_layout","colormag_page_sidebar_layout":"default_layout","footnotes":""},"class_list":["post-5277","page","type-page","status-publish","hentry"],"_links":{"self":[{"href":"https:\/\/www.sertoxmur.com\/index.php?rest_route=\/wp\/v2\/pages\/5277","targetHints":{"allow":["GET"]}}],"collection":[{"href":"https:\/\/www.sertoxmur.com\/index.php?rest_route=\/wp\/v2\/pages"}],"about":[{"href":"https:\/\/www.sertoxmur.com\/index.php?rest_route=\/wp\/v2\/types\/page"}],"author":[{"embeddable":true,"href":"https:\/\/www.sertoxmur.com\/index.php?rest_route=\/wp\/v2\/users\/1"}],"replies":[{"embeddable":true,"href":"https:\/\/www.sertoxmur.com\/index.php?rest_route=%2Fwp%2Fv2%2Fcomments&post=5277"}],"version-history":[{"count":0,"href":"https:\/\/www.sertoxmur.com\/index.php?rest_route=\/wp\/v2\/pages\/5277\/revisions"}],"up":[{"embeddable":true,"href":"https:\/\/www.sertoxmur.com\/index.php?rest_route=\/wp\/v2\/pages\/778"}],"wp:attachment":[{"href":"https:\/\/www.sertoxmur.com\/index.php?rest_route=%2Fwp%2Fv2%2Fmedia&parent=5277"}],"curies":[{"name":"wp","href":"https:\/\/api.w.org\/{rel}","templated":true}]}}