{"id":56,"date":"2012-02-29T22:11:16","date_gmt":"2012-02-29T22:11:16","guid":{"rendered":"https:\/\/www.sertoxmur.com\/?page_id=56"},"modified":"2022-05-11T17:58:11","modified_gmt":"2022-05-11T17:58:11","slug":"seccion-veterinaria","status":"publish","type":"page","link":"https:\/\/www.sertoxmur.com\/?page_id=56","title":{"rendered":"Toxicolog\u00eda Veterinaria"},"content":{"rendered":"\n<div class=\"wp-block-columns is-layout-flex wp-container-core-columns-is-layout-28f84493 wp-block-columns-is-layout-flex\">\n<div class=\"wp-block-column has-black-color has-white-background-color has-text-color has-background is-layout-flow wp-block-column-is-layout-flow\" style=\"flex-basis:500px\">\n<div class=\"wp-block-group is-layout-flow wp-block-group-is-layout-flow\">\n<div>\n<p><span style=\"font-size: inherit;\">Llevamos m\u00e1s de 25 a\u00f1os trabajando en la puesta a punto de m\u00e9todos anal\u00edticos y periciales orientados a la resoluci\u00f3n de intoxicaciones y envenenamientos de todo tipo de animales, adapt\u00e1ndonos a la demanda de los diferentes campos de aplicaci\u00f3n de la profesi\u00f3n veterinaria. Nuestro laboratorio es referencia para el diagn\u00f3stico cl\u00ednico y forense toxicol\u00f3gico en veterinaria.<\/span><\/p>\n<\/div>\n<div>\n<p>Esta labor es divulgada a trav\u00e9s de diferentes medios, y en particular, a trav\u00e9s de la <a href=\"http:\/\/aetox.es\/secciones\/veterinaria\/\">Secci\u00f3n de Toxicolog\u00eda Veterinaria de la AETOX<\/a>.\u00a0<\/p>\n<p>La <strong>casu\u00edstica de intoxicaciones<\/strong> en animales es mucho m\u00e1s elevada de lo que las revisiones cient\u00edficas suelen ofrecer. Esto se debe, principalmente, a factores tales como la dificultad de establecer un <strong>diagn\u00f3stico <\/strong>definitivo sin el adecuado an\u00e1lisis y el alto coste econ\u00f3mico de algunos an\u00e1lisis. De hecho, se estima que los casos de intoxicaci\u00f3n en animales, por la exposici\u00f3n a sustancias y compuestos t\u00f3xicos, debe ser de varios miles al a\u00f1o.<\/p>\n<\/div>\n<\/div>\n<\/div>\n\n\n\n<div class=\"wp-block-column is-layout-flow wp-block-column-is-layout-flow\">\n<figure class=\"wp-block-image size-full is-resized\"><img fetchpriority=\"high\" decoding=\"async\" src=\"https:\/\/www.sertoxmur.com\/wp-content\/uploads\/2022\/04\/logo-STVF-circular-1.png\" alt=\"\" class=\"wp-image-6442\" width=\"491\" height=\"461\" srcset=\"https:\/\/www.sertoxmur.com\/wp-content\/uploads\/2022\/04\/logo-STVF-circular-1.png 705w, https:\/\/www.sertoxmur.com\/wp-content\/uploads\/2022\/04\/logo-STVF-circular-1-300x282.png 300w\" sizes=\"(max-width: 491px) 100vw, 491px\" \/><\/figure>\n<\/div>\n<\/div>\n\n\n\n<p>La cantidad de compuestos y productos qu\u00edmicos potencialmente t\u00f3xicos a los que puede estar expuesto un animal o grupo de animales es muy elevada. Tanto los animales como las personas estamos diariamente en contacto con sustancias que pueden entra\u00f1ar riesgo para la salud en determinadas circunstancias: medicamentos veterinarios y&nbsp; humanos,&nbsp;herbicidas,&nbsp;insecticidas, rodenticidas, productos de limpieza y del hogar, productos de higiene personal y cosm\u00e9ticos, abonos, fertilizantes,&nbsp;plantas,&nbsp;etc).<\/p>\n\n\n\n<p>El veterinario de peque\u00f1os animales y ex\u00f3ticos, el de colectivos de abasto y producci\u00f3n animal, el de n\u00facleos zool\u00f3gicos y parques naturales se ve muchas veces incapaz de establecer un diagn\u00f3stico definitivo de intoxicaci\u00f3n por falta de medios (humanos y materiales) especializados. En este \u00e1mbito es donde nuestro servicio se ofrece para dar respuesta a las necesidades de los cl\u00ednicos. No siempre es posible demostrar la existencia de causa t\u00f3xica en un proceso pero, a\u00fan en esos casos, nuestro servicio puede ayudar en la elaboraci\u00f3n del diagn\u00f3stico, y con ello en la instauraci\u00f3n\/modificaci\u00f3n de un tratamiento, descartando aquellos procesos que, <em>a priori<\/em>, hayan sido valorados durante el diagn\u00f3stico diferencial presuntivo.<\/p>\n\n\n\n<p>Por otro lado, en no pocas ocasiones los procesos t\u00f3xicos est\u00e1n inducidos intencionadamente (envenenamientos, sobre todo de animales silvestres, perros y gatos), lo que puede ser constitutivo de delito, seg\u00fan el C\u00f3digo Penal vigente. En este sentido, adem\u00e1s del apoyo cl\u00ednico-anal\u00edtico, nuestro servicio ofrece un apoyo anal\u00edtico&nbsp;especializado&nbsp;y pericial avalado por la experiencia continuada en causas judiciales desde la reforma del C\u00f3digo Penal de 1995.<\/p>\n","protected":false},"excerpt":{"rendered":"<p>Llevamos m\u00e1s de 25 a\u00f1os trabajando en la puesta a punto de m\u00e9todos anal\u00edticos y periciales orientados a la resoluci\u00f3n<\/p>\n","protected":false},"author":1,"featured_media":0,"parent":4363,"menu_order":1,"comment_status":"closed","ping_status":"closed","template":"","meta":{"colormag_page_container_layout":"no_sidebar_full_width","colormag_page_sidebar_layout":"right_sidebar","footnotes":""},"class_list":["post-56","page","type-page","status-publish","hentry"],"_links":{"self":[{"href":"https:\/\/www.sertoxmur.com\/index.php?rest_route=\/wp\/v2\/pages\/56","targetHints":{"allow":["GET"]}}],"collection":[{"href":"https:\/\/www.sertoxmur.com\/index.php?rest_route=\/wp\/v2\/pages"}],"about":[{"href":"https:\/\/www.sertoxmur.com\/index.php?rest_route=\/wp\/v2\/types\/page"}],"author":[{"embeddable":true,"href":"https:\/\/www.sertoxmur.com\/index.php?rest_route=\/wp\/v2\/users\/1"}],"replies":[{"embeddable":true,"href":"https:\/\/www.sertoxmur.com\/index.php?rest_route=%2Fwp%2Fv2%2Fcomments&post=56"}],"version-history":[{"count":0,"href":"https:\/\/www.sertoxmur.com\/index.php?rest_route=\/wp\/v2\/pages\/56\/revisions"}],"up":[{"embeddable":true,"href":"https:\/\/www.sertoxmur.com\/index.php?rest_route=\/wp\/v2\/pages\/4363"}],"wp:attachment":[{"href":"https:\/\/www.sertoxmur.com\/index.php?rest_route=%2Fwp%2Fv2%2Fmedia&parent=56"}],"curies":[{"name":"wp","href":"https:\/\/api.w.org\/{rel}","templated":true}]}}