{"id":5651,"date":"2020-11-25T00:47:11","date_gmt":"2020-11-25T00:47:11","guid":{"rendered":"https:\/\/www.sertoxmur.com\/?page_id=5651"},"modified":"2021-12-30T23:29:56","modified_gmt":"2021-12-30T23:29:56","slug":"tesis-doctorales","status":"publish","type":"page","link":"https:\/\/www.sertoxmur.com\/?page_id=5651","title":{"rendered":"ACADEMIA"},"content":{"rendered":"\n<p style=\"font-size:24px\">\u00bfTe gustar\u00eda alcanzar el grado acad\u00e9mico de Doctor investigando en Toxicolog\u00eda compartiendo experiencias con un grupo joven, con talento, din\u00e1mico y con proyecci\u00f3n internacional? Si es as\u00ed o si necesitas m\u00e1s informaci\u00f3n <a href=\"https:\/\/www.sertoxmur.com\/?page_id=3697\" target=\"_blank\" rel=\"noreferrer noopener\">ponte en contacto con nosotros. Pincha aqu\u00ed <\/a>y dinos brevemente cu\u00e1l es tu inter\u00e9s investigador. Deja un n\u00famero de tel\u00e9fono y un correo electr\u00f3nico y nos pondremos en contacto contigo a la mayor brevedad posible.<\/p>\n\n\n\n<p style=\"font-size:24px\"><a href=\"https:\/\/www.sertoxmur.com\/?page_id=5624\">Tesis Doctorales<\/a><\/p>\n\n\n\n<p style=\"font-size:24px\">Trabajos Fin de M\u00e1ster y Fin de Grado<\/p>\n","protected":false},"excerpt":{"rendered":"<p>\u00bfTe gustar\u00eda alcanzar el grado acad\u00e9mico de Doctor investigando en Toxicolog\u00eda compartiendo experiencias con un grupo joven, con talento, din\u00e1mico<\/p>\n","protected":false},"author":1,"featured_media":6296,"parent":0,"menu_order":0,"comment_status":"closed","ping_status":"closed","template":"","meta":{"colormag_page_container_layout":"default_layout","colormag_page_sidebar_layout":"default_layout","footnotes":""},"class_list":["post-5651","page","type-page","status-publish","has-post-thumbnail","hentry"],"_links":{"self":[{"href":"https:\/\/www.sertoxmur.com\/index.php?rest_route=\/wp\/v2\/pages\/5651","targetHints":{"allow":["GET"]}}],"collection":[{"href":"https:\/\/www.sertoxmur.com\/index.php?rest_route=\/wp\/v2\/pages"}],"about":[{"href":"https:\/\/www.sertoxmur.com\/index.php?rest_route=\/wp\/v2\/types\/page"}],"author":[{"embeddable":true,"href":"https:\/\/www.sertoxmur.com\/index.php?rest_route=\/wp\/v2\/users\/1"}],"replies":[{"embeddable":true,"href":"https:\/\/www.sertoxmur.com\/index.php?rest_route=%2Fwp%2Fv2%2Fcomments&post=5651"}],"version-history":[{"count":0,"href":"https:\/\/www.sertoxmur.com\/index.php?rest_route=\/wp\/v2\/pages\/5651\/revisions"}],"wp:featuredmedia":[{"embeddable":true,"href":"https:\/\/www.sertoxmur.com\/index.php?rest_route=\/wp\/v2\/media\/6296"}],"wp:attachment":[{"href":"https:\/\/www.sertoxmur.com\/index.php?rest_route=%2Fwp%2Fv2%2Fmedia&parent=5651"}],"curies":[{"name":"wp","href":"https:\/\/api.w.org\/{rel}","templated":true}]}}