{"id":6006,"date":"2021-11-05T00:28:52","date_gmt":"2021-11-05T00:28:52","guid":{"rendered":"https:\/\/www.sertoxmur.com\/?page_id=6006"},"modified":"2023-01-19T20:11:34","modified_gmt":"2023-01-19T20:11:34","slug":"estudiantes-en-practicas-en-el-servicio","status":"publish","type":"page","link":"https:\/\/www.sertoxmur.com\/?page_id=6006","title":{"rendered":"ESTUDIANTES en pr\u00e1cticas"},"content":{"rendered":"\n<p class=\"has-medium-font-size\"><strong>EMMA PEREIRA BOUZA<\/strong>, Curso 2022-23 (Gda. en Qu\u00edmicas, M\u00e1ster en Ciencias Forenses, Estudiante en Pr\u00e1cticas en la Unidad de Toxicolog\u00eda Forense del SECyTeF)<\/p>\n\n\n\n<p class=\"has-medium-font-size\"><strong>CARMEN CHAMORRO ESCOLAR<\/strong>, Curso 2022-23 (Gda. en Qu\u00edmicas por la Universidad de Granada, M\u00e1ster en Ciencias Forenses, Estudiante en Pr\u00e1cticas en la Unidad de Toxicolog\u00eda Forense del SECyTeF)<\/p>\n\n\n\n<p class=\"has-medium-font-size\"><strong>MAR\u00cdA BEL\u00c9N NIETO R\u00c1EZ<\/strong>, Curso 2021-22 y 2022-23 (Gda. en Biolog\u00eda por la Universidad de Valencia, M\u00e1ster en Ciencias Forenses, Estudiante en Pr\u00e1cticas en Unidad de Toxicolog\u00eda Forense del SECyTeF)<\/p>\n\n\n\n<p class=\"has-medium-font-size\"><strong>DANIEL CARBONELL L\u00d3PEZ<\/strong>, Curso 2021-22 (Gdo. en Biolog\u00eda por la Universidad de Murcia, M\u00e1ster en Ciencias Forenses, Estudiante en Pr\u00e1cticas en Unidad de Toxicolog\u00eda Forense del SECyTeF)<\/p>\n\n\n\n<p class=\"has-medium-font-size\"><strong>ALMUDENA M\u00c9NDEZ GARC\u00cdA<\/strong>, Curso 2020-21 (Gda. en Qu\u00edmica porla Universidad de Murcia, M\u00e1ster en Ciencias Forenses, Estudiante en Pr\u00e1cticas <meta charset=\"utf-8\">en Unidad de Toxicolog\u00eda Forense del SECyTeF)<\/p>\n\n\n\n<p class=\"has-medium-font-size\"><strong>JENIFFER CAROLINA VENTIMILLA VALLE<\/strong>, Curso 2020-21 (<meta charset=\"utf-8\">Gda. en Qu\u00edmica, M\u00e1ster en Ciencias Forenses, Estudiante en Pr\u00e1cticas en Unidad de Toxicolog\u00eda Forense del SECyTeF)<\/p>\n\n\n\n<p class=\"has-medium-font-size\"><strong>MIRIAM CUELLO BRAVO<\/strong>, Curso 2020-21 (Grado en Ciencias Ambientales por la Universidad de Murcia, Estudiante en Pr\u00e1cticas en Unidad de Toxicolog\u00eda Forense del SECyTeF)<\/p>\n\n\n\n<p class=\"has-medium-font-size\"><strong>BEATRIZ CORD\u00d3N MOLINA<\/strong>, Curso 2020-21 (Gda. en Veterinaria por la Universidad de Murcia, Becaria de Colaboraci\u00f3n en el Servicio de Toxicolog\u00eda y Veterinaria Forense)<\/p>\n","protected":false},"excerpt":{"rendered":"<p>EMMA PEREIRA BOUZA, Curso 2022-23 (Gda. en Qu\u00edmicas, M\u00e1ster en Ciencias Forenses, Estudiante en Pr\u00e1cticas en la Unidad de Toxicolog\u00eda<\/p>\n","protected":false},"author":1,"featured_media":5182,"parent":0,"menu_order":0,"comment_status":"closed","ping_status":"closed","template":"","meta":{"colormag_page_container_layout":"default_layout","colormag_page_sidebar_layout":"default_layout","footnotes":""},"class_list":["post-6006","page","type-page","status-publish","has-post-thumbnail","hentry"],"_links":{"self":[{"href":"https:\/\/www.sertoxmur.com\/index.php?rest_route=\/wp\/v2\/pages\/6006","targetHints":{"allow":["GET"]}}],"collection":[{"href":"https:\/\/www.sertoxmur.com\/index.php?rest_route=\/wp\/v2\/pages"}],"about":[{"href":"https:\/\/www.sertoxmur.com\/index.php?rest_route=\/wp\/v2\/types\/page"}],"author":[{"embeddable":true,"href":"https:\/\/www.sertoxmur.com\/index.php?rest_route=\/wp\/v2\/users\/1"}],"replies":[{"embeddable":true,"href":"https:\/\/www.sertoxmur.com\/index.php?rest_route=%2Fwp%2Fv2%2Fcomments&post=6006"}],"version-history":[{"count":0,"href":"https:\/\/www.sertoxmur.com\/index.php?rest_route=\/wp\/v2\/pages\/6006\/revisions"}],"wp:featuredmedia":[{"embeddable":true,"href":"https:\/\/www.sertoxmur.com\/index.php?rest_route=\/wp\/v2\/media\/5182"}],"wp:attachment":[{"href":"https:\/\/www.sertoxmur.com\/index.php?rest_route=%2Fwp%2Fv2%2Fmedia&parent=6006"}],"curies":[{"name":"wp","href":"https:\/\/api.w.org\/{rel}","templated":true}]}}