{"id":687,"date":"2012-03-14T13:01:17","date_gmt":"2012-03-14T13:01:17","guid":{"rendered":"https:\/\/www.sertoxmur.com\/?page_id=687"},"modified":"2019-05-04T23:56:58","modified_gmt":"2019-05-04T23:56:58","slug":"eurapmon","status":"publish","type":"page","link":"https:\/\/www.sertoxmur.com\/?page_id=687","title":{"rendered":"EURAPMON"},"content":{"rendered":"<p><a href=\"https:\/\/www.sertoxmur.com\/?attachment_id=693\" rel=\"attachment wp-att-693\"><img decoding=\"async\" class=\"alignleft size-full wp-image-693\" title=\"logos\" src=\"https:\/\/www.sertoxmur.com\/wp-content\/uploads\/2012\/03\/logos1.bmp\" alt=\"\"><\/a><a href=\"http:\/\/www.eurapmon.net\" target=\"_blank\">EURAPMON <\/a>es el acr\u00f3nimo de la red europea que lleva por t\u00edtulo \u00abInvestigaci\u00f3n y Monitorizaci\u00f3n de y con Rapaces en Europa\u00bb. EURAPMON es una de las redes que se enmarcan dentro del Programa de Redes de Investigaci\u00f3n (RNP) de la Fundaci\u00f3n Europea para la Ciencia (ESF), la cual se desarrollar\u00e1 durante cinco a\u00f1os, desde Mayo de 2010.<\/p>\n<p><strong>El objetivo de EURAPMON es fortalecer la contribuci\u00f3n de la investigaci\u00f3n y monitorizaci\u00f3n de y con rapaces en Europa para la obtenci\u00f3n de beneficios en t\u00e9rminos de salud medioambiental, humana y de la biodiversidad, incluyendo la conservaci\u00f3n y recuperaci\u00f3n de poblaciones de rapaces y sus h\u00e1bitat, as\u00ed como reducir las amenazas qu\u00edmicas para la salud de los ecosistemas y el ser humano.<\/strong><\/p>\n<p>El problema del cambio clim\u00e1tico ha llevado consigo una mayor concienciaci\u00f3n pol\u00edtica y popular sobre la vulnerabilidad de nuestro planeta. Por otra parte, cada vez somos m\u00e1s conscientes de la repercusi\u00f3n social y econ\u00f3mica resultante. De similar importancia al problema del cambio clim\u00e1tico es el de la r\u00e1pida p\u00e9rdida de la biodiversidad inducida por el hombre; y de la que m\u00faltiples servicios de nuestras sociedades y econom\u00edas dependen. Nuestra capacidad de prevenir, minimizar, mitigar y adaptarse al cambio ambiental exige, en primer lugar, detectar, monitorear y entender este cambio. La vigilancia ambiental, por lo tanto, tiene un papel fundamental que desempe\u00f1ar en nuestro futuro ambiental, social y econ\u00f3mico. Es evidente que no podemos monitorear todos los elementos del medio ambiente, por su n\u00famero y su complejidad. Por lo tanto, debemos tratar de monitorizar aquellos elementos que pueden aportar una informaci\u00f3n m\u00e1s \u00fatil a un costo asequible.<\/p>\n<p>Las rapaces, como grupo, son prometedoras a este respecto. Las rapaces son normalmente grandes y relativamente f\u00e1ciles de observar e identificar. Su presencia\/ausencia es r\u00e1pidamente detectada. Como depredadores que son, responden a una serie de presiones ambientales, como el cambio de h\u00e1bitat, cambio en las poblaciones de presas, los contaminantes y las perturbaciones humanas; y a menudo con considerable sensibilidad. De hecho, su valor como indicadores de cambio se ha demostrado en el pasado &#8211; por ejemplo, al revelar el problema de los organoclorados en el medio ambiente.<\/p>\n<p>En Europa, las aves rapaces son ya objeto de un considerable esfuerzo de monitoreo de bajo costo. Tenemos informaci\u00f3n, razonablemente fiable y comparable, sobre el estado de las especies de rapaces y las tendencias. No obstante, el seguimiento de rapaces en toda Europa sigue siendo irregular. Hay una urgente necesidad de reforzar las iniciativas nacionales y regionales y mejorar la coordinaci\u00f3n a escala paneuropea. Esto se aplica a la vigilancia y monitorizaci\u00f3n focalizada en la salud de las poblaciones de aves rapaces en s\u00ed mismas, lo que llamamos \u201cmonitorizaci\u00f3n de (o para) las rapaces\u201d. Por otro lado, tambi\u00e9n se aplica a la vigilancia y\/o monitorizaci\u00f3n que se centra principalmente en lo que aves rapaces nos pueden decir sobre el medio ambiente, lo que llamamos \u201cmonitorizaci\u00f3n con rapaces\u201d. Y, por \u00faltimo, se aplica a la coordinaci\u00f3n entre los que monitorizan para y con las rapaces.<\/p>\n<p>La red&nbsp; EURAPMON est\u00e1 financiada por las organizaciones miembros de la Fundaci\u00f3n Europea para la Ciencia y otros organismos de 15 pa\u00edses; aunque est\u00e1 abierto para todos aquellos pa\u00edses \u200b\u200bde Europa y de fuera de Europa interesados.<\/p>\n","protected":false},"excerpt":{"rendered":"<p>EURAPMON es el acr\u00f3nimo de la red europea que lleva por t\u00edtulo \u00abInvestigaci\u00f3n y Monitorizaci\u00f3n de y con Rapaces en<\/p>\n","protected":false},"author":1,"featured_media":0,"parent":70,"menu_order":6,"comment_status":"closed","ping_status":"closed","template":"","meta":{"colormag_page_container_layout":"default_layout","colormag_page_sidebar_layout":"default_layout","footnotes":""},"class_list":["post-687","page","type-page","status-publish","hentry"],"_links":{"self":[{"href":"https:\/\/www.sertoxmur.com\/index.php?rest_route=\/wp\/v2\/pages\/687","targetHints":{"allow":["GET"]}}],"collection":[{"href":"https:\/\/www.sertoxmur.com\/index.php?rest_route=\/wp\/v2\/pages"}],"about":[{"href":"https:\/\/www.sertoxmur.com\/index.php?rest_route=\/wp\/v2\/types\/page"}],"author":[{"embeddable":true,"href":"https:\/\/www.sertoxmur.com\/index.php?rest_route=\/wp\/v2\/users\/1"}],"replies":[{"embeddable":true,"href":"https:\/\/www.sertoxmur.com\/index.php?rest_route=%2Fwp%2Fv2%2Fcomments&post=687"}],"version-history":[{"count":0,"href":"https:\/\/www.sertoxmur.com\/index.php?rest_route=\/wp\/v2\/pages\/687\/revisions"}],"up":[{"embeddable":true,"href":"https:\/\/www.sertoxmur.com\/index.php?rest_route=\/wp\/v2\/pages\/70"}],"wp:attachment":[{"href":"https:\/\/www.sertoxmur.com\/index.php?rest_route=%2Fwp%2Fv2%2Fmedia&parent=687"}],"curies":[{"name":"wp","href":"https:\/\/api.w.org\/{rel}","templated":true}]}}