{"id":70,"date":"2012-02-29T22:46:29","date_gmt":"2012-02-29T22:46:29","guid":{"rendered":"https:\/\/www.sertoxmur.com\/?page_id=70"},"modified":"2021-02-05T09:13:03","modified_gmt":"2021-02-05T09:13:03","slug":"investigacion-y-desarrollo","status":"publish","type":"page","link":"https:\/\/www.sertoxmur.com\/?page_id=70","title":{"rendered":"INVESTIGACI\u00d3N"},"content":{"rendered":"<p>La investigaci\u00f3n que lleva a cabo el Servicio de Toxicolog\u00eda est\u00e1 entroncada en las <a title=\"L\u00edneas de Investigaci\u00f3n\" href=\"https:\/\/www.sertoxmur.com\/?page_id=263\">L\u00edneas de investigaci\u00f3n<\/a>\u00a0 que desarrolla el personal que tambi\u00e9n forma parte del <a href=\"https:\/\/curie.um.es\/curie\/catalogo-ficha.du?seof_codigo=1&amp;perf_codigo=4&amp;cods=E008*12\">Grupo de Investigaci\u00f3n de Toxicolog\u00eda<\/a> de la Universidad de Murcia y del <a href=\"http:\/\/toxirisk.imib.es\/grupoinvestigacion\/index.jsf\">Grupo de Investigaci\u00f3n de Toxicolog\u00eda y Evaluaci\u00f3n de Riesgos <\/a>del IMIB.<\/p>\n<p>Adem\u00e1s de la investigaci\u00f3n productiva desde el punto de vista de las publicaciones, los miembros del Servicio llevan a cabo, diariamente, labores de I+D+I encaminadas a mejorar los m\u00e9todos de an\u00e1lisis y experimentos conducentes con el fin de ofrecer cada vez un mejor servicio a sus clientes.<\/p>\n<p>Si desea obtener m\u00e1s informaci\u00f3n de las investigaciones y de las posibilidades de colaboraci\u00f3n puede <a title=\"CONTACTO\" href=\"https:\/\/www.sertoxmur.com\/?page_id=3697\" target=\"_blank\" rel=\"noopener noreferrer\">contactar<\/a> con nosotros.<\/p>\n\n\n<p><\/p>\n","protected":false},"excerpt":{"rendered":"<p>La investigaci\u00f3n que lleva a cabo el Servicio de Toxicolog\u00eda est\u00e1 entroncada en las L\u00edneas de investigaci\u00f3n\u00a0 que desarrolla el<\/p>\n","protected":false},"author":1,"featured_media":0,"parent":0,"menu_order":9,"comment_status":"closed","ping_status":"closed","template":"","meta":{"colormag_page_container_layout":"default_layout","colormag_page_sidebar_layout":"default_layout","footnotes":""},"class_list":["post-70","page","type-page","status-publish","hentry"],"_links":{"self":[{"href":"https:\/\/www.sertoxmur.com\/index.php?rest_route=\/wp\/v2\/pages\/70","targetHints":{"allow":["GET"]}}],"collection":[{"href":"https:\/\/www.sertoxmur.com\/index.php?rest_route=\/wp\/v2\/pages"}],"about":[{"href":"https:\/\/www.sertoxmur.com\/index.php?rest_route=\/wp\/v2\/types\/page"}],"author":[{"embeddable":true,"href":"https:\/\/www.sertoxmur.com\/index.php?rest_route=\/wp\/v2\/users\/1"}],"replies":[{"embeddable":true,"href":"https:\/\/www.sertoxmur.com\/index.php?rest_route=%2Fwp%2Fv2%2Fcomments&post=70"}],"version-history":[{"count":0,"href":"https:\/\/www.sertoxmur.com\/index.php?rest_route=\/wp\/v2\/pages\/70\/revisions"}],"wp:attachment":[{"href":"https:\/\/www.sertoxmur.com\/index.php?rest_route=%2Fwp%2Fv2%2Fmedia&parent=70"}],"curies":[{"name":"wp","href":"https:\/\/api.w.org\/{rel}","templated":true}]}}