{"id":73,"date":"2012-02-29T22:49:02","date_gmt":"2012-02-29T22:49:02","guid":{"rendered":"https:\/\/www.sertoxmur.com\/?page_id=73"},"modified":"2022-05-05T15:26:52","modified_gmt":"2022-05-05T15:26:52","slug":"seccion-forense","status":"publish","type":"page","link":"https:\/\/www.sertoxmur.com\/?page_id=73","title":{"rendered":"Veterinaria Forense"},"content":{"rendered":"\n<div class=\"wp-block-group is-layout-flow wp-block-group-is-layout-flow\">\n<div class=\"wp-block-columns is-layout-flex wp-container-core-columns-is-layout-28f84493 wp-block-columns-is-layout-flex\">\n<div class=\"wp-block-column is-layout-flow wp-block-column-is-layout-flow\" style=\"flex-basis:50%\">\n<div class=\"wp-block-image\"><figure class=\"aligncenter size-full is-resized\"><img decoding=\"async\" src=\"https:\/\/www.sertoxmur.com\/wp-content\/uploads\/2020\/05\/logo-calavera-150x150-1-e1605813187992.jpg\" alt=\"\" class=\"wp-image-5012\" width=\"188\" height=\"188\"\/><\/figure><\/div>\n<\/div>\n\n\n\n<div class=\"wp-block-column is-layout-flow wp-block-column-is-layout-flow\" style=\"flex-basis:50%\">\n<p style=\"font-size:30px\">VETERINARIA Forense<\/p>\n<\/div>\n<\/div>\n<\/div>\n\n\n\n<div class=\"wp-block-group is-layout-flow wp-block-group-is-layout-flow\">\n<div class=\"wp-block-columns is-layout-flex wp-container-core-columns-is-layout-28f84493 wp-block-columns-is-layout-flex\">\n<div class=\"wp-block-column is-layout-flow wp-block-column-is-layout-flow\" style=\"flex-basis:50%\">\n<div class=\"wp-block-image\"><figure class=\"aligncenter size-full is-resized\"><img decoding=\"async\" src=\"https:\/\/www.sertoxmur.com\/wp-content\/uploads\/2020\/05\/secytef-um.png\" alt=\"\" class=\"wp-image-5080\" width=\"181\" height=\"138\" srcset=\"https:\/\/www.sertoxmur.com\/wp-content\/uploads\/2020\/05\/secytef-um.png 428w, https:\/\/www.sertoxmur.com\/wp-content\/uploads\/2020\/05\/secytef-um-300x229.png 300w\" sizes=\"(max-width: 181px) 100vw, 181px\" \/><\/figure><\/div>\n<\/div>\n\n\n\n<div class=\"wp-block-column is-layout-flow wp-block-column-is-layout-flow\" style=\"flex-basis:50%\">\n<div class=\"wp-block-group is-layout-flow wp-block-group-is-layout-flow\">\n<p style=\"font-size:18px\">Parte de los servicios que ofrecemos entran dentro de lo que se considera Veterinaria Forense. En la Universidad de Murcia se ha creado un servicio externo que aglutina aspectos de las ciencias forenses y las t\u00e9cnicas y m\u00e9todos de aplicaci\u00f3n forense m\u00e1s utilizados: <strong><mark style=\"background-color:rgba(0, 0, 0, 0)\" class=\"has-inline-color has-vivid-red-color\"><a href=\"http:\/\/www.um.es\/forenses\/\">Servicio Externo de Ciencias y T\u00e9cnicas Forenses<\/a>.<\/mark><\/strong><\/p>\n<\/div>\n<\/div>\n<\/div>\n<\/div>\n\n\n\n<div class=\"wp-block-columns is-layout-flex wp-container-core-columns-is-layout-28f84493 wp-block-columns-is-layout-flex\">\n<div class=\"wp-block-column is-layout-flow wp-block-column-is-layout-flow\" style=\"flex-basis:50%\">\n<div class=\"wp-block-image\"><figure class=\"aligncenter size-full is-resized\"><img decoding=\"async\" src=\"https:\/\/www.sertoxmur.com\/wp-content\/uploads\/2021\/12\/venenono-e1640476492565.png\" alt=\"\" class=\"wp-image-6200\" width=\"230\" height=\"98\"\/><\/figure><\/div>\n<\/div>\n\n\n\n<div class=\"wp-block-column is-layout-flow wp-block-column-is-layout-flow\" style=\"flex-basis:50%\">\n<p style=\"font-size:18px\"><strong>Sertoxmur<\/strong> colabora activamente con el<strong><span class=\"has-inline-color has-vivid-red-color\"> <a rel=\"noreferrer noopener\" href=\"http:\/\/www.venenono.org\/\" target=\"_blank\">PROYECTO VENENO<\/a><\/span><\/strong> en la lucha contra el veneno en el medio natural. Es laboratorio de referencia para varias comunidades aut\u00f3nomas prestando sus servicios anal\u00edticos, diagn\u00f3sticos y forenses en los casos de envenenamientos de fauna protegida.<\/p>\n<\/div>\n<\/div>\n","protected":false},"excerpt":{"rendered":"<p>VETERINARIA Forense Parte de los servicios que ofrecemos entran dentro de lo que se considera Veterinaria Forense. En la Universidad<\/p>\n","protected":false},"author":1,"featured_media":0,"parent":4363,"menu_order":2,"comment_status":"closed","ping_status":"closed","template":"","meta":{"colormag_page_container_layout":"no_sidebar_full_width","colormag_page_sidebar_layout":"right_sidebar","footnotes":""},"class_list":["post-73","page","type-page","status-publish","hentry"],"_links":{"self":[{"href":"https:\/\/www.sertoxmur.com\/index.php?rest_route=\/wp\/v2\/pages\/73","targetHints":{"allow":["GET"]}}],"collection":[{"href":"https:\/\/www.sertoxmur.com\/index.php?rest_route=\/wp\/v2\/pages"}],"about":[{"href":"https:\/\/www.sertoxmur.com\/index.php?rest_route=\/wp\/v2\/types\/page"}],"author":[{"embeddable":true,"href":"https:\/\/www.sertoxmur.com\/index.php?rest_route=\/wp\/v2\/users\/1"}],"replies":[{"embeddable":true,"href":"https:\/\/www.sertoxmur.com\/index.php?rest_route=%2Fwp%2Fv2%2Fcomments&post=73"}],"version-history":[{"count":0,"href":"https:\/\/www.sertoxmur.com\/index.php?rest_route=\/wp\/v2\/pages\/73\/revisions"}],"up":[{"embeddable":true,"href":"https:\/\/www.sertoxmur.com\/index.php?rest_route=\/wp\/v2\/pages\/4363"}],"wp:attachment":[{"href":"https:\/\/www.sertoxmur.com\/index.php?rest_route=%2Fwp%2Fv2%2Fmedia&parent=73"}],"curies":[{"name":"wp","href":"https:\/\/api.w.org\/{rel}","templated":true}]}}