{"id":778,"date":"2025-04-13T08:19:49","date_gmt":"2025-04-13T08:19:49","guid":{"rendered":"https:\/\/www.sertoxmur.com\/?page_id=778"},"modified":"2025-04-13T08:28:50","modified_gmt":"2025-04-13T08:28:50","slug":"servicio-de-toxicologia","status":"publish","type":"page","link":"https:\/\/www.sertoxmur.com\/?page_id=778","title":{"rendered":"Servicio Externo"},"content":{"rendered":"\n<p><a href=\"https:\/\/www.sertoxmur.com\/?page_id=7228\">SERVICIOS PROFESIONALES<\/a><\/p>\n\n\n\n<p><a href=\"https:\/\/www.sertoxmur.com\/?page_id=7073\">CONTACTO \/ CONSULTA<\/a><\/p>\n\n\n\n<p><a href=\"https:\/\/www.sertoxmur.com\/?page_id=3808\">SOLICITUD DE AN\u00c1LISIS<\/a><\/p>\n\n\n\n<p><a href=\"https:\/\/www.sertoxmur.com\/?page_id=7260\">REMISI\u00d3N DE MUESTRAS<\/a> (caso de envenenamiento)<\/p>\n\n\n\n<p><a href=\"https:\/\/www.sertoxmur.com\/?page_id=5277\">Pol\u00edtica de Privacidad y Protecci\u00f3n de Datos<\/a><\/p>\n\n\n\n<p><\/p>\n","protected":false},"excerpt":{"rendered":"<p>SERVICIOS PROFESIONALES CONTACTO \/ CONSULTA SOLICITUD DE AN\u00c1LISIS REMISI\u00d3N DE MUESTRAS (caso de envenenamiento) Pol\u00edtica de Privacidad y Protecci\u00f3n de<\/p>\n","protected":false},"author":1,"featured_media":6437,"parent":0,"menu_order":0,"comment_status":"closed","ping_status":"closed","template":"","meta":{"colormag_page_container_layout":"no_sidebar_full_width","colormag_page_sidebar_layout":"left_sidebar","footnotes":""},"class_list":["post-778","page","type-page","status-publish","has-post-thumbnail","hentry"],"_links":{"self":[{"href":"https:\/\/www.sertoxmur.com\/index.php?rest_route=\/wp\/v2\/pages\/778","targetHints":{"allow":["GET"]}}],"collection":[{"href":"https:\/\/www.sertoxmur.com\/index.php?rest_route=\/wp\/v2\/pages"}],"about":[{"href":"https:\/\/www.sertoxmur.com\/index.php?rest_route=\/wp\/v2\/types\/page"}],"author":[{"embeddable":true,"href":"https:\/\/www.sertoxmur.com\/index.php?rest_route=\/wp\/v2\/users\/1"}],"replies":[{"embeddable":true,"href":"https:\/\/www.sertoxmur.com\/index.php?rest_route=%2Fwp%2Fv2%2Fcomments&post=778"}],"version-history":[{"count":0,"href":"https:\/\/www.sertoxmur.com\/index.php?rest_route=\/wp\/v2\/pages\/778\/revisions"}],"wp:featuredmedia":[{"embeddable":true,"href":"https:\/\/www.sertoxmur.com\/index.php?rest_route=\/wp\/v2\/media\/6437"}],"wp:attachment":[{"href":"https:\/\/www.sertoxmur.com\/index.php?rest_route=%2Fwp%2Fv2%2Fmedia&parent=778"}],"curies":[{"name":"wp","href":"https:\/\/api.w.org\/{rel}","templated":true}]}}