{"id":931,"date":"2012-04-02T15:11:47","date_gmt":"2012-04-02T15:11:47","guid":{"rendered":"https:\/\/www.sertoxmur.com\/?page_id=931"},"modified":"2021-11-19T16:59:48","modified_gmt":"2021-11-19T16:59:48","slug":"human-resources","status":"publish","type":"page","link":"https:\/\/www.sertoxmur.com\/?page_id=931","title":{"rendered":"STAFF"},"content":{"rendered":"<h3><img fetchpriority=\"high\" decoding=\"async\" class=\"aligncenter  wp-image-4184\" src=\"https:\/\/www.sertoxmur.com\/wp-content\/uploads\/2019\/05\/RAPAZ-OBSERV-GRIFFITH-6.jpg\" alt=\"\" width=\"544\" height=\"403\" srcset=\"https:\/\/www.sertoxmur.com\/wp-content\/uploads\/2019\/05\/RAPAZ-OBSERV-GRIFFITH-6.jpg 1480w, https:\/\/www.sertoxmur.com\/wp-content\/uploads\/2019\/05\/RAPAZ-OBSERV-GRIFFITH-6-300x222.jpg 300w, https:\/\/www.sertoxmur.com\/wp-content\/uploads\/2019\/05\/RAPAZ-OBSERV-GRIFFITH-6-768x569.jpg 768w, https:\/\/www.sertoxmur.com\/wp-content\/uploads\/2019\/05\/RAPAZ-OBSERV-GRIFFITH-6-1024x758.jpg 1024w\" sizes=\"(max-width: 544px) 100vw, 544px\" \/><\/h3>\n\n\n<h3 class=\"wp-block-heading\"><a href=\"https:\/\/www.sertoxmur.com\/wp-content\/uploads\/2012\/02\/Ajgf.jpg\"><\/a><strong>Prof. Antonio J. Garc\u00eda-Fern\u00e1ndez, PhD, DVM<\/strong><\/h3>\n\n\n\n<div class=\"wp-block-image\"><figure class=\"aligncenter is-resized\"><img decoding=\"async\" src=\"https:\/\/www.sertoxmur.com\/wp-content\/uploads\/2019\/05\/Captura-de-pantalla-2019-05-05-a-las-20.01.25.png\" alt=\"\" class=\"wp-image-4206\" width=\"271\" height=\"312\"\/><\/figure><\/div>\n\n\n\n<ul class=\"wp-block-list\"><li><strong>Professor of Toxicology<\/strong> (2008-).<\/li><li><strong>EUROTOX Registered Toxicologist (ERT)<\/strong> (2013-)<\/li><li><strong>Expert in Toxicological Assessment in the Chemical-Pharmaceutical Industry<\/strong> (University of Barcelona)<\/li><li>Principal&nbsp;Investigator of IMIB-Group \u00ab<strong>Toxicology and Risk Assessment<\/strong>\u00bb at the <a href=\"http:\/\/toxirisk.imib.es\/grupoinvestigacion\/index.jsf\"><strong>IMIB-ARRIXACA Biomedicine Institute<\/strong><\/a><\/li><li>Principal Investigator of <a rel=\"noreferrer noopener\" href=\"https:\/\/curie.um.es\/curie\/catalogo-ficha.du?seof_codigo=1&amp;perf_codigo=10&amp;peva_cod=002&amp;titulo=Ciencias+de+la+Salud&amp;sec_codigo=&amp;cods=E008*12\" target=\"_blank\"><strong>E008-12 Group<\/strong><\/a> of \u00ab<strong>Toxicology<\/strong>\u00ab.<\/li><li>Head of the \u00ab<strong>Forensic Toxicology Unit<\/strong>\u00bb of the&nbsp;\u201cExternal Service of Forensic Sciences and Techniques\u201d (<a href=\"https:\/\/www.um.es\/web\/forenses\/contenido\/equipo\"><strong>SECyTeF<\/strong><\/a>).<\/li><li>Head of the \u00ab<strong>Toxicology and Forensic Veterinary Service<\/strong>\u00bb (<a href=\"https:\/\/www.sertoxmur.com\/?page_id=778\"><strong>STVF-UMU<\/strong><\/a>).<\/li><li>Spanish Representative in the <strong><a href=\"http:\/\/www.eurapmon.net\">EURAPMON<\/a><\/strong> Steering Committee (European Science Foundation).<\/li><li>Member of the <strong><a href=\"https:\/\/www.cost.eu\/actions\/CA16224\/\">ERBFacility<\/a> (COST-Action) <\/strong>Executive Board, as WG2 Leader and Scientific Grant Holder.<\/li><li>Authorized Vet number 503 in the Colegio Oficial de Veterinarios (COV) of Murcia.<\/li><li><a href=\"https:\/\/www.sertoxmur.com\/?page_id=253\"><strong>Scientific publications<\/strong><\/a>: papers and book chapters<\/li><li><strong>Phone number 0034 868887021. <\/strong>E-mail: <a href=\"mailto:ajgf@um.es\">ajgf@um.<\/a><\/li><\/ul>\n\n\n\n<h3 class=\"wp-block-heading\"><a href=\"https:\/\/www.sertoxmur.com\/wp-content\/uploads\/2012\/02\/IMG_7997.jpg\"><\/a><\/h3>\n\n\n\n<h3 class=\"wp-block-heading\"><\/h3>\n\n\n\n<p><\/p>\n\n\n\n<p><\/p>\n\n\n\n<p><\/p>\n\n\n\n<p><\/p>\n\n\n\n<p><\/p>\n\n\n\n<p style=\"font-size:30px\"><strong>Emma Mart\u00ednez L\u00f3pez, PhD, DVM.<\/strong><\/p>\n\n\n\n<div class=\"wp-block-image\"><figure class=\"aligncenter is-resized\"><img decoding=\"async\" src=\"https:\/\/www.sertoxmur.com\/wp-content\/uploads\/2012\/02\/IMG_7997-1024x682.jpg\" alt=\"\" class=\"wp-image-460\" width=\"479\" height=\"319\" srcset=\"https:\/\/www.sertoxmur.com\/wp-content\/uploads\/2012\/02\/IMG_7997-1024x682.jpg 1024w, https:\/\/www.sertoxmur.com\/wp-content\/uploads\/2012\/02\/IMG_7997-300x200.jpg 300w\" sizes=\"(max-width: 479px) 100vw, 479px\" \/><\/figure><\/div>\n\n\n\n<p class=\"has-medium-font-size\">MSc in Toxicology. Assistant Professor&nbsp;in Toxicology. Accredited Toxicologist by AETOX and EUROTOX. International Master in Toxicology.&nbsp; Member of the Management Committee of AETOX. Member of the Forensic Toxicology Section of the \u201cExternal Service of Forensic Sciences and Techniques\u201d of the University of Murcia. <a href=\"https:\/\/www.sertoxmur.com\/?page_id=253\"><strong>Scientific publications<\/strong><\/a>: papers and book chapters. <strong>Phone 0034 868887022. <\/strong>E-mail: <a href=\"mailto:emmaml@um.es\">emmaml@um.es<\/a><\/p>\n\n\n\n<p><\/p>\n\n\n\n<p><\/p>\n\n\n\n<p><\/p>\n\n\n\n<p><\/p>\n\n\n\n<p><\/p>\n\n\n\n<h3 class=\"wp-block-heading\"><strong>Pedro J. Mar\u00eda Mojica, PhD, DVM.<\/strong><\/h3>\n\n\n\n<div class=\"wp-block-image\"><figure class=\"aligncenter is-resized\"><img loading=\"lazy\" decoding=\"async\" src=\"https:\/\/www.sertoxmur.com\/wp-content\/uploads\/2012\/02\/pedroma.jpg\" alt=\"\" class=\"wp-image-628\" width=\"410\" height=\"410\" srcset=\"https:\/\/www.sertoxmur.com\/wp-content\/uploads\/2012\/02\/pedroma.jpg 538w, https:\/\/www.sertoxmur.com\/wp-content\/uploads\/2012\/02\/pedroma-150x150.jpg 150w, https:\/\/www.sertoxmur.com\/wp-content\/uploads\/2012\/02\/pedroma-300x300.jpg 300w\" sizes=\"(max-width: 410px) 100vw, 410px\" \/><\/figure><\/div>\n\n\n\n<p class=\"has-medium-font-size\">Associate Professor in Toxicology. Veterinarian in the Wildlife Rehabilitation Centre \u201cSanta Faz\u201d (Alicante). Member of the Official Veterinary College of Alicante. Member of the Forensic Toxicology Section of the \u201cExternal Service of Forensic Sciences and Techniques\u201d of the University of Murcia. <strong>Phone 0034 868887021. <\/strong>E-mail: <a href=\"mailto:pmmojica@um.es\">pmmojica@um.es<\/a> #<\/p>\n\n\n\n<p><\/p>\n\n\n\n<p><\/p>\n\n\n\n<p><\/p>\n\n\n\n<p><\/p>\n\n\n\n<h3 class=\"wp-block-heading\"><a href=\"https:\/\/www.sertoxmur.com\/wp-content\/uploads\/2012\/02\/PGOMEZ.jpg\"><\/a><strong>Pilar G\u00f3mez Ram\u00edrez, PhD, DVM.<\/strong><\/h3>\n\n\n\n<div class=\"wp-block-image\"><figure class=\"aligncenter is-resized\"><img loading=\"lazy\" decoding=\"async\" src=\"https:\/\/www.sertoxmur.com\/wp-content\/uploads\/2012\/02\/PGOMEZ.jpg\" alt=\"\" class=\"wp-image-469\" width=\"421\" height=\"317\"\/><\/figure><\/div>\n\n\n\n<p class=\"has-medium-font-size\">International MSc in Toxicology and MSc in \u201cManagement and health of wild animals\u201d. Associate Professor in Toxicology. Accredited toxicologist by AETOX and EUROTOX. <a href=\"https:\/\/www.sertoxmur.com\/?page_id=253\"><strong>Scientific publications<\/strong><\/a>: papers and book chapters.&nbsp;<strong>Phone 0034 868884317. <\/strong>E-mail: <a href=\"mailto:pilargomez@um.es\">pilargomez@um.es<\/a><\/p>\n\n\n\n<p><\/p>\n\n\n\n<p><\/p>\n\n\n\n<p><\/p>\n\n\n\n<p><\/p>\n\n\n\n<h3 class=\"wp-block-heading\"><a href=\"https:\/\/www.sertoxmur.com\/wp-content\/uploads\/2012\/02\/silvia11.jpg\"><\/a>Silvia Esp\u00edn Luj\u00e1n, <strong>PhD.<\/strong><\/h3>\n\n\n\n<div class=\"wp-block-image\"><figure class=\"aligncenter is-resized\"><img loading=\"lazy\" decoding=\"async\" src=\"https:\/\/www.sertoxmur.com\/wp-content\/uploads\/2012\/02\/silvia11.jpg\" alt=\"\" class=\"wp-image-632\" width=\"345\" height=\"483\" srcset=\"https:\/\/www.sertoxmur.com\/wp-content\/uploads\/2012\/02\/silvia11.jpg 279w, https:\/\/www.sertoxmur.com\/wp-content\/uploads\/2012\/02\/silvia11-214x300.jpg 214w\" sizes=\"(max-width: 345px) 100vw, 345px\" \/><\/figure><\/div>\n\n\n\n<p class=\"has-medium-font-size\">International MSc in Toxicology and MSc in \u201cManagement and health of wild animals\u201d, BSc in Environmental Sciences. \u00abSaavedra Fajardo\u00bb Postdoctoral Researcher at University of Murcia, now at University of Turku, Finland.&nbsp; <a href=\"https:\/\/www.sertoxmur.com\/?page_id=253\"><strong>Scientific publications<\/strong><\/a>: papers and book chapters.&nbsp;<strong>Phone 0034 868884317.<\/strong> E-mail:&nbsp;<a href=\"mailto:silvia.espin@um.es\">silvia.espin@um.es<\/a><\/p>\n\n\n\n<p><\/p>\n\n\n\n<p><\/p>\n\n\n\n<p><\/p>\n\n\n\n<p><\/p>\n\n\n\n<p><\/p>\n\n\n\n<h3 class=\"wp-block-heading\"><a href=\"https:\/\/www.sertoxmur.com\/wp-content\/uploads\/2012\/03\/PEPE.jpg\"><\/a>Jos\u00e9 Pe\u00f1alver Garc\u00eda, PhD, DVM.<\/h3>\n\n\n\n<div class=\"wp-block-image\"><figure class=\"aligncenter is-resized\"><img loading=\"lazy\" decoding=\"async\" src=\"https:\/\/www.sertoxmur.com\/wp-content\/uploads\/2012\/03\/PEPE.jpg\" alt=\"\" class=\"wp-image-879\" width=\"385\" height=\"341\"\/><\/figure><\/div>\n\n\n\n<p class=\"has-medium-font-size\">Associate Professor in Toxicology. Veterinary inspector of the Fish and Aquaculture Service of the General Directorate of Fish and Livestock of the Agriculture and Water Ministry of the Autonomous Government of Murcia Region. Member of the Official Veterinary College of Murcia. Member of the Forensic Toxicology Section of the \u201cExternal Service of Forensic Sciences and Techniques\u201d of the University of Murcia.&nbsp; <a href=\"https:\/\/www.sertoxmur.com\/?page_id=253\"><strong>Scientific publications<\/strong><\/a>: papers and book chapters. <strong>Phone 0034 868884317. <\/strong>E-mail: <a href=\"mailto:jose.penalver2@carm.es\">jose.penalver2@carm.es<\/a><\/p>\n\n\n\n<p><\/p>\n\n\n\n<p><\/p>\n\n\n\n<p><\/p>\n\n\n\n<p><\/p>\n\n\n\n<p><\/p>\n\n\n\n<h3 class=\"wp-block-heading\"><strong>Pedro Jim\u00e9nez Montalb\u00e1n, PhD,&nbsp;DVM.<\/strong><\/h3>\n\n\n\n<div class=\"wp-block-image\"><figure class=\"aligncenter is-resized\"><img loading=\"lazy\" decoding=\"async\" src=\"https:\/\/www.sertoxmur.com\/wp-content\/uploads\/2012\/02\/IMG_79112-682x1024.jpg\" alt=\"\" class=\"wp-image-463\" width=\"347\" height=\"520\" srcset=\"https:\/\/www.sertoxmur.com\/wp-content\/uploads\/2012\/02\/IMG_79112-682x1024.jpg 682w, https:\/\/www.sertoxmur.com\/wp-content\/uploads\/2012\/02\/IMG_79112-200x300.jpg 200w\" sizes=\"(max-width: 347px) 100vw, 347px\" \/><\/figure><\/div>\n\n\n\n<p class=\"has-medium-font-size\">MSc in \u201cManagement and health of wild animals\u201d. Associate Professor in Toxicology. Head of the Veterinary and Zoonosis Technic Unit of the Murcia City Council. Member of the Official Veterinary College of Murcia (number 541). Member of the Forensic Toxicology Section of the \u201cExternal Service of Forensic Sciences and Techniques\u201d of the University of Murcia.&nbsp; <strong>Scientific publications<\/strong>: papers and book chapters. <a href=\"https:\/\/www.sertoxmur.com\/?page_id=253\"><strong>Scientific publications<\/strong><\/a>: papers and book chapters.&nbsp;<strong> Phone 0034 868884317. E-mail: vetsinpet@yahoo.es<\/strong><\/p>\n\n\n\n<p><\/p>\n\n\n\n<p><\/p>\n\n\n\n<p><\/p>\n\n\n\n<p><\/p>\n\n\n\n<p><\/p>\n\n\n\n<p><\/p>\n\n\n\n<h3 class=\"wp-block-heading\"><a href=\"https:\/\/www.sertoxmur.com\/wp-content\/uploads\/2012\/02\/isabel-navas-2.jpg\"><\/a>Isabel M. Navas-Ruiz, PhD, DVM.<\/h3>\n\n\n\n<div class=\"wp-block-image\"><figure class=\"aligncenter is-resized\"><img loading=\"lazy\" decoding=\"async\" src=\"https:\/\/www.sertoxmur.com\/wp-content\/uploads\/2019\/05\/isabel-navas-2.jpg\" alt=\"\" class=\"wp-image-4207\" width=\"325\" height=\"365\" srcset=\"https:\/\/www.sertoxmur.com\/wp-content\/uploads\/2019\/05\/isabel-navas-2.jpg 287w, https:\/\/www.sertoxmur.com\/wp-content\/uploads\/2019\/05\/isabel-navas-2-267x300.jpg 267w\" sizes=\"(max-width: 325px) 100vw, 325px\" \/><\/figure><\/div>\n\n\n\n<p class=\"has-medium-font-size\">Associate Professor in Toxicology. Advanced Studies Diploma (Legal Medicine and Toxicology). Postgraduate in Protection and Experiment Animals for Biomedicine Researchers. Researcher and Head of the Administrative and Quality Section at the STVF-UM. <a href=\"https:\/\/www.sertoxmur.com\/?page_id=253\"><strong>Scientific publications<\/strong><\/a>: papers and book chapters.&nbsp;<strong>Phone 0034 868884317. E-mail: <\/strong><a href=\"mailto:imnr@um.es\"><strong>imnr@um.es<\/strong><\/a><\/p>\n\n\n\n<p><\/p>\n\n\n\n<p><\/p>\n\n\n\n<p><\/p>\n\n\n\n<p><\/p>\n\n\n\n<p><\/p>\n\n\n\n<h3 class=\"wp-block-heading\"><a href=\"https:\/\/www.sertoxmur.com\/wp-content\/uploads\/2012\/02\/MPAZ1.jpg\"><\/a>Mari Paz Aldeguer Aldeguer, PhD, DVM.<\/h3>\n\n\n\n<div class=\"wp-block-image\"><figure class=\"aligncenter is-resized\"><img loading=\"lazy\" decoding=\"async\" src=\"https:\/\/www.sertoxmur.com\/wp-content\/uploads\/2012\/02\/MPAZ1.jpg\" alt=\"\" class=\"wp-image-835\" width=\"314\" height=\"291\"\/><\/figure><\/div>\n\n\n\n<p class=\"has-medium-font-size\">Associate Professor in Toxicology. Advanced Studies Diploma (Legal medicine and toxicology). International MSc in Toxicology. <strong>Phone 0034 868884317. E-mail:&nbsp;<\/strong><a href=\"mailto:mpaldeguer@um.es\"><strong>mpaldeguer@um.es<\/strong><\/a><\/p>\n\n\n\n<p><\/p>\n\n\n\n<p><\/p>\n\n\n\n<p><\/p>\n\n\n\n<p><\/p>\n\n\n\n<p><\/p>\n\n\n\n<h3 class=\"wp-block-heading\"><a href=\"https:\/\/www.sertoxmur.com\/wp-content\/uploads\/2012\/04\/Foto-Pablo-Sanchez.jpeg\"><\/a>Pablo S\u00e1nchez-Virosta, PhD<\/h3>\n\n\n\n<div class=\"wp-block-image\"><figure class=\"aligncenter is-resized\"><img loading=\"lazy\" decoding=\"async\" src=\"https:\/\/www.sertoxmur.com\/wp-content\/uploads\/2019\/05\/Foto-Pablo-Sanchez.jpeg\" alt=\"\" class=\"wp-image-4208\" width=\"321\" height=\"441\"\/><\/figure><\/div>\n\n\n\n<p class=\"has-medium-font-size\">MSc in Experimental Biomedicine at University of Castilla-La Mancha, BSc in Environmental Sciences at the University of Murcia, Laboratory technician in Biomedicine and Biotechnology. <strong>Phone0034 868884317.<\/strong> <strong>E-mail:&nbsp;pablo.s.v@um.es<\/strong><\/p>\n\n\n\n<p><\/p>\n\n\n\n<p><\/p>\n\n\n\n<p><\/p>\n\n\n\n<p><\/p>\n\n\n\n<h3 class=\"wp-block-heading\"><strong>COLLABORATORS:<\/strong><\/h3>\n\n\n\n<h4 class=\"wp-block-heading\"><a href=\"https:\/\/www.sertoxmur.com\/wp-content\/uploads\/2012\/02\/LAURA.jpg\"><\/a>Laura Ram\u00f3n Vaquero,&nbsp;DVM.<\/h4>\n\n\n\n<div class=\"wp-block-image\"><figure class=\"aligncenter is-resized\"><img loading=\"lazy\" decoding=\"async\" src=\"https:\/\/www.sertoxmur.com\/wp-content\/uploads\/2012\/02\/LAURA-1024x768.jpg\" alt=\"\" class=\"wp-image-491\" width=\"368\" height=\"276\" srcset=\"https:\/\/www.sertoxmur.com\/wp-content\/uploads\/2012\/02\/LAURA-1024x768.jpg 1024w, https:\/\/www.sertoxmur.com\/wp-content\/uploads\/2012\/02\/LAURA-300x225.jpg 300w\" sizes=\"(max-width: 368px) 100vw, 368px\" \/><\/figure><\/div>\n\n\n\n<p class=\"has-medium-font-size\">International MSc in Toxicology and Ms in \u201cManagement and health of wild animals\u201d. PhD student.&nbsp;<\/p>\n\n\n\n<p><\/p>\n\n\n\n<p><\/p>\n\n\n\n<p><\/p>\n\n\n\n<p><\/p>\n\n\n\n<h4 class=\"wp-block-heading\"><a href=\"https:\/\/www.sertoxmur.com\/wp-content\/uploads\/2012\/02\/aida-buho.jpg\"><\/a>Aida Salas-Alarc\u00f3n, DVM.<\/h4>\n\n\n\n<div class=\"wp-block-image\"><figure class=\"aligncenter is-resized\"><img loading=\"lazy\" decoding=\"async\" src=\"https:\/\/www.sertoxmur.com\/wp-content\/uploads\/2012\/02\/aida-buho.jpg\" alt=\"\" class=\"wp-image-502\" width=\"285\" height=\"252\"\/><\/figure><\/div>\n\n\n\n<p class=\"has-medium-font-size\">MSc in Forensic Sciences in the University of Murcia. International. Expert in Toxicology.<\/p>\n","protected":false},"excerpt":{"rendered":"<p>Prof. Antonio J. Garc\u00eda-Fern\u00e1ndez, PhD, DVM Professor of Toxicology (2008-). EUROTOX Registered Toxicologist (ERT) (2013-) Expert in Toxicological Assessment in<\/p>\n","protected":false},"author":1,"featured_media":0,"parent":919,"menu_order":2,"comment_status":"closed","ping_status":"closed","template":"page-templates\/page-builder.php","meta":{"colormag_page_container_layout":"no_sidebar_full_width","colormag_page_sidebar_layout":"no_sidebar","footnotes":""},"class_list":["post-931","page","type-page","status-publish","hentry"],"_links":{"self":[{"href":"https:\/\/www.sertoxmur.com\/index.php?rest_route=\/wp\/v2\/pages\/931","targetHints":{"allow":["GET"]}}],"collection":[{"href":"https:\/\/www.sertoxmur.com\/index.php?rest_route=\/wp\/v2\/pages"}],"about":[{"href":"https:\/\/www.sertoxmur.com\/index.php?rest_route=\/wp\/v2\/types\/page"}],"author":[{"embeddable":true,"href":"https:\/\/www.sertoxmur.com\/index.php?rest_route=\/wp\/v2\/users\/1"}],"replies":[{"embeddable":true,"href":"https:\/\/www.sertoxmur.com\/index.php?rest_route=%2Fwp%2Fv2%2Fcomments&post=931"}],"version-history":[{"count":0,"href":"https:\/\/www.sertoxmur.com\/index.php?rest_route=\/wp\/v2\/pages\/931\/revisions"}],"up":[{"embeddable":true,"href":"https:\/\/www.sertoxmur.com\/index.php?rest_route=\/wp\/v2\/pages\/919"}],"wp:attachment":[{"href":"https:\/\/www.sertoxmur.com\/index.php?rest_route=%2Fwp%2Fv2%2Fmedia&parent=931"}],"curies":[{"name":"wp","href":"https:\/\/api.w.org\/{rel}","templated":true}]}}